{"id":4017,"date":"2021-08-16T16:13:15","date_gmt":"2021-08-16T14:13:15","guid":{"rendered":"https:\/\/drevotrend.sk\/?page_id=4017"},"modified":"2024-02-28T08:10:57","modified_gmt":"2024-02-28T07:10:57","slug":"video","status":"publish","type":"page","link":"https:\/\/drevenydom.sk\/de\/video\/","title":{"rendered":"Video"},"content":{"rendered":"<div id='av_section_1'  class='avia-section av-10qgar-814f7026b74c0dbc87f900b064f92bba main_color avia-section-default avia-no-border-styling  avia-builder-el-0  avia-builder-el-no-sibling  avia-bg-style-scroll container_wrap sidebar_right'  ><div class='container av-section-cont-open' ><main  role=\"main\" itemprop=\"mainContentOfPage\"  class='template-page content  av-content-small alpha units'><div class='post-entry post-entry-type-page post-entry-4017'><div class='entry-content-wrapper clearfix'>\n\n<style type=\"text\/css\" data-created_by=\"avia_inline_auto\" id=\"style-css-av-ksesy20e-c2cff9efdb13271f06d9d7cd8e7cfaad\">\n#top .av-special-heading.av-ksesy20e-c2cff9efdb13271f06d9d7cd8e7cfaad{\npadding-bottom:30px;\n}\nbody .av-special-heading.av-ksesy20e-c2cff9efdb13271f06d9d7cd8e7cfaad .av-special-heading-tag .heading-char{\nfont-size:25px;\n}\n.av-special-heading.av-ksesy20e-c2cff9efdb13271f06d9d7cd8e7cfaad .av-subheading{\nfont-size:17px;\n}\n<\/style>\n<div  class='av-special-heading av-ksesy20e-c2cff9efdb13271f06d9d7cd8e7cfaad av-special-heading-h2 blockquote modern-quote modern-centered  avia-builder-el-1  el_before_av_one_half  avia-builder-el-first '><h2 class='av-special-heading-tag '  itemprop=\"headline\"  >Videogalerie von Holzh\u00e4usern<\/h2><div class=\"special-heading-border\"><div class=\"special-heading-inner-border\"><\/div><\/div><\/div>\n<div  class='flex_column av-vsifn-13129eb7a49ee703f9d2f9791035b634 av_one_half  avia-builder-el-2  el_after_av_heading  el_before_av_one_half  first flex_column_div  '     ><div  class='avia-video av-ksesz2ws-06722bc05d4f94b169663cda84d4aeec avia-video-16-9 av-no-preview-image avia-video-load-always av-lazyload-immediate av-lazyload-video-embed'  itemprop=\"video\" itemtype=\"https:\/\/schema.org\/VideoObject\"  data-original_url='https:\/\/www.youtube.com\/watch?v=DJQllEkE08I'><script type='text\/html' class='av-video-tmpl'><div class='avia-iframe-wrap'><iframe loading=\"lazy\" title=\"Jednopodla\u017en\u00fd zrubov\u00fd dreven\u00fd dom SABRINA\" width=\"1500\" height=\"844\" src=\"https:\/\/www.youtube.com\/embed\/DJQllEkE08I?feature=oembed&enablejsapi=1&origin=https:\/\/drevotrend.sk&autoplay=0&loop=0&controls=1&mute=0\" frameborder=\"0\" allow=\"accelerometer; autoplay; clipboard-write; encrypted-media; gyroscope; picture-in-picture; web-share\" allowfullscreen><\/iframe><\/div><\/script><div class='av-click-to-play-overlay'><div class=\"avia_playpause_icon\"><\/div><\/div><\/div><\/div><div  class='flex_column av-qlfv7-2c7f54a7a9571095beb90267338144bd av_one_half  avia-builder-el-4  el_after_av_one_half  el_before_av_hr  flex_column_div  '     ><div  class='avia-video av-kseszd5g-d3b3b624b608bc5ff46cf44471c7fab4 avia-video-16-9 av-no-preview-image avia-video-load-always av-lazyload-immediate av-lazyload-video-embed'  itemprop=\"video\" itemtype=\"https:\/\/schema.org\/VideoObject\"  data-original_url='https:\/\/www.youtube.com\/watch?v=BD6W0I5TMvk'><script type='text\/html' class='av-video-tmpl'><div class='avia-iframe-wrap'><iframe loading=\"lazy\" title=\"Kub\u00ednska Ho\u013ea\" width=\"1500\" height=\"844\" src=\"https:\/\/www.youtube.com\/embed\/BD6W0I5TMvk?feature=oembed&enablejsapi=1&origin=https:\/\/drevotrend.sk&autoplay=0&loop=0&controls=1&mute=0\" frameborder=\"0\" allow=\"accelerometer; autoplay; clipboard-write; encrypted-media; gyroscope; picture-in-picture; web-share\" allowfullscreen><\/iframe><\/div><\/script><div class='av-click-to-play-overlay'><div class=\"avia_playpause_icon\"><\/div><\/div><\/div><\/div>\n<style type=\"text\/css\" data-created_by=\"avia_inline_auto\" id=\"style-css-av-kset4hku-ebd8e9874a186b551eb7fa2a5e30e336\">\n#top .hr.hr-invisible.av-kset4hku-ebd8e9874a186b551eb7fa2a5e30e336{\nheight:50px;\n}\n<\/style>\n<div  class='hr av-kset4hku-ebd8e9874a186b551eb7fa2a5e30e336 hr-invisible  avia-builder-el-6  el_after_av_one_half  el_before_av_one_half '><span class='hr-inner '><span class=\"hr-inner-style\"><\/span><\/span><\/div>\n<div  class='flex_column av-n8si3-9530de7ce9089b23cf27d34396b79e76 av_one_half  avia-builder-el-7  el_after_av_hr  el_before_av_one_half  first flex_column_div  '     ><div  class='avia-video av-kset05xd-674f7bbf796039a68ebb3d0c0a6e21d0 avia-video-16-9 av-no-preview-image avia-video-load-always av-lazyload-immediate av-lazyload-video-embed'  itemprop=\"video\" itemtype=\"https:\/\/schema.org\/VideoObject\"  data-original_url='https:\/\/www.youtube.com\/watch?v=ANkzVGqeHoQ'><script type='text\/html' class='av-video-tmpl'><div class='avia-iframe-wrap'><iframe loading=\"lazy\" title=\"Dvojpodla\u017en\u00e1 zrubov\u00e1 stavba Adriana - Seefeld\" width=\"1500\" height=\"844\" src=\"https:\/\/www.youtube.com\/embed\/ANkzVGqeHoQ?feature=oembed&enablejsapi=1&origin=https:\/\/drevotrend.sk&autoplay=0&loop=0&controls=1&mute=0\" frameborder=\"0\" allow=\"accelerometer; autoplay; clipboard-write; encrypted-media; gyroscope; picture-in-picture; web-share\" allowfullscreen><\/iframe><\/div><\/script><div class='av-click-to-play-overlay'><div class=\"avia_playpause_icon\"><\/div><\/div><\/div><\/div><div  class='flex_column av-fmyh7-069f1f6d80600d7ddd819f07d35c1014 av_one_half  avia-builder-el-9  el_after_av_one_half  el_before_av_hr  flex_column_div  '     ><\/div>\n<style type=\"text\/css\" data-created_by=\"avia_inline_auto\" id=\"style-css-av-7qa0r-1bcf6a35ede92a4ad583d27855b8404b\">\n#top .hr.hr-invisible.av-7qa0r-1bcf6a35ede92a4ad583d27855b8404b{\nheight:50px;\n}\n<\/style>\n<div  class='hr av-7qa0r-1bcf6a35ede92a4ad583d27855b8404b hr-invisible  avia-builder-el-10  el_after_av_one_half  avia-builder-el-last '><span class='hr-inner '><span class=\"hr-inner-style\"><\/span><\/span><\/div>\n<\/div><\/div><\/main><!-- close content main element --><\/div><\/div><div id='after_section_1'  class='main_color av_default_container_wrap container_wrap sidebar_right'  ><div class='container av-section-cont-open' ><div class='template-page content  av-content-small alpha units'><div class='post-entry post-entry-type-page post-entry-4017'><div class='entry-content-wrapper clearfix'>\n","protected":false},"excerpt":{"rendered":"","protected":false},"author":1,"featured_media":0,"parent":0,"menu_order":0,"comment_status":"closed","ping_status":"closed","template":"","meta":{"footnotes":""},"class_list":["post-4017","page","type-page","status-publish","hentry"],"yoast_head":"<!-- This site is optimized with the Yoast SEO plugin v27.4 - https:\/\/yoast.com\/product\/yoast-seo-wordpress\/ -->\n<title>Video - Drevotrend<\/title>\n<meta name=\"robots\" content=\"index, follow, max-snippet:-1, max-image-preview:large, max-video-preview:-1\" \/>\n<link rel=\"canonical\" href=\"https:\/\/drevenydom.sk\/de\/video\/\" \/>\n<meta property=\"og:locale\" content=\"de_DE\" \/>\n<meta property=\"og:type\" content=\"article\" \/>\n<meta property=\"og:title\" content=\"Video - Drevotrend\" \/>\n<meta property=\"og:url\" content=\"https:\/\/drevenydom.sk\/de\/video\/\" \/>\n<meta property=\"og:site_name\" content=\"Drevotrend\" \/>\n<meta property=\"article:modified_time\" content=\"2024-02-28T07:10:57+00:00\" \/>\n<meta name=\"twitter:card\" content=\"summary_large_image\" \/>\n<meta name=\"twitter:label1\" content=\"Gesch\u00e4tzte Lesezeit\" \/>\n\t<meta name=\"twitter:data1\" content=\"1 minute\" \/>\n<script type=\"application\/ld+json\" class=\"yoast-schema-graph\">{\"@context\":\"https:\\\/\\\/schema.org\",\"@graph\":[{\"@type\":\"WebPage\",\"@id\":\"https:\\\/\\\/drevenydom.sk\\\/de\\\/video\\\/\",\"url\":\"https:\\\/\\\/drevenydom.sk\\\/de\\\/video\\\/\",\"name\":\"Video - Drevotrend\",\"isPartOf\":{\"@id\":\"https:\\\/\\\/drevenydom.sk\\\/#website\"},\"datePublished\":\"2021-08-16T14:13:15+00:00\",\"dateModified\":\"2024-02-28T07:10:57+00:00\",\"breadcrumb\":{\"@id\":\"https:\\\/\\\/drevenydom.sk\\\/de\\\/video\\\/#breadcrumb\"},\"inLanguage\":\"de-DE\",\"potentialAction\":[{\"@type\":\"ReadAction\",\"target\":[\"https:\\\/\\\/drevenydom.sk\\\/de\\\/video\\\/\"]}]},{\"@type\":\"BreadcrumbList\",\"@id\":\"https:\\\/\\\/drevenydom.sk\\\/de\\\/video\\\/#breadcrumb\",\"itemListElement\":[{\"@type\":\"ListItem\",\"position\":1,\"name\":\"Domovsk\u00e1 str\u00e1nka\",\"item\":\"https:\\\/\\\/drevenydom.sk\\\/de\\\/\"},{\"@type\":\"ListItem\",\"position\":2,\"name\":\"Video\"}]},{\"@type\":\"WebSite\",\"@id\":\"https:\\\/\\\/drevenydom.sk\\\/#website\",\"url\":\"https:\\\/\\\/drevenydom.sk\\\/\",\"name\":\"Drevotrend\",\"description\":\"Dreven\u00fd dom\",\"potentialAction\":[{\"@type\":\"SearchAction\",\"target\":{\"@type\":\"EntryPoint\",\"urlTemplate\":\"https:\\\/\\\/drevenydom.sk\\\/?s={search_term_string}\"},\"query-input\":{\"@type\":\"PropertyValueSpecification\",\"valueRequired\":true,\"valueName\":\"search_term_string\"}}],\"inLanguage\":\"de-DE\"}]}<\/script>\n<!-- \/ Yoast SEO plugin. -->","yoast_head_json":{"title":"Video - Drevotrend","robots":{"index":"index","follow":"follow","max-snippet":"max-snippet:-1","max-image-preview":"max-image-preview:large","max-video-preview":"max-video-preview:-1"},"canonical":"https:\/\/drevenydom.sk\/de\/video\/","og_locale":"de_DE","og_type":"article","og_title":"Video - Drevotrend","og_url":"https:\/\/drevenydom.sk\/de\/video\/","og_site_name":"Drevotrend","article_modified_time":"2024-02-28T07:10:57+00:00","twitter_card":"summary_large_image","twitter_misc":{"Gesch\u00e4tzte Lesezeit":"1 minute"},"schema":{"@context":"https:\/\/schema.org","@graph":[{"@type":"WebPage","@id":"https:\/\/drevenydom.sk\/de\/video\/","url":"https:\/\/drevenydom.sk\/de\/video\/","name":"Video - Drevotrend","isPartOf":{"@id":"https:\/\/drevenydom.sk\/#website"},"datePublished":"2021-08-16T14:13:15+00:00","dateModified":"2024-02-28T07:10:57+00:00","breadcrumb":{"@id":"https:\/\/drevenydom.sk\/de\/video\/#breadcrumb"},"inLanguage":"de-DE","potentialAction":[{"@type":"ReadAction","target":["https:\/\/drevenydom.sk\/de\/video\/"]}]},{"@type":"BreadcrumbList","@id":"https:\/\/drevenydom.sk\/de\/video\/#breadcrumb","itemListElement":[{"@type":"ListItem","position":1,"name":"Domovsk\u00e1 str\u00e1nka","item":"https:\/\/drevenydom.sk\/de\/"},{"@type":"ListItem","position":2,"name":"Video"}]},{"@type":"WebSite","@id":"https:\/\/drevenydom.sk\/#website","url":"https:\/\/drevenydom.sk\/","name":"Drevotrend","description":"Dreven\u00fd dom","potentialAction":[{"@type":"SearchAction","target":{"@type":"EntryPoint","urlTemplate":"https:\/\/drevenydom.sk\/?s={search_term_string}"},"query-input":{"@type":"PropertyValueSpecification","valueRequired":true,"valueName":"search_term_string"}}],"inLanguage":"de-DE"}]}},"_links":{"self":[{"href":"https:\/\/drevenydom.sk\/de\/wp-json\/wp\/v2\/pages\/4017","targetHints":{"allow":["GET"]}}],"collection":[{"href":"https:\/\/drevenydom.sk\/de\/wp-json\/wp\/v2\/pages"}],"about":[{"href":"https:\/\/drevenydom.sk\/de\/wp-json\/wp\/v2\/types\/page"}],"author":[{"embeddable":true,"href":"https:\/\/drevenydom.sk\/de\/wp-json\/wp\/v2\/users\/1"}],"replies":[{"embeddable":true,"href":"https:\/\/drevenydom.sk\/de\/wp-json\/wp\/v2\/comments?post=4017"}],"version-history":[{"count":2,"href":"https:\/\/drevenydom.sk\/de\/wp-json\/wp\/v2\/pages\/4017\/revisions"}],"predecessor-version":[{"id":4019,"href":"https:\/\/drevenydom.sk\/de\/wp-json\/wp\/v2\/pages\/4017\/revisions\/4019"}],"wp:attachment":[{"href":"https:\/\/drevenydom.sk\/de\/wp-json\/wp\/v2\/media?parent=4017"}],"curies":[{"name":"wp","href":"https:\/\/api.w.org\/{rel}","templated":true}]}}