{"id":4012,"date":"2021-08-16T11:25:32","date_gmt":"2021-08-16T09:25:32","guid":{"rendered":"https:\/\/drevotrend.sk\/?page_id=4012"},"modified":"2024-02-28T08:09:28","modified_gmt":"2024-02-28T07:09:28","slug":"technische-infos-zum-holzbauten","status":"publish","type":"page","link":"https:\/\/drevenydom.sk\/de\/technische-infos-zum-holzbauten\/","title":{"rendered":"Technische Infos zum Holzbauten"},"content":{"rendered":"<div id='technicke'  class='avia-section av-l20u0-57d53cd91dc5f97a8f5d041f0af07fdb main_color avia-section-default avia-no-border-styling  avia-builder-el-0  avia-builder-el-no-sibling  avia-bg-style-scroll container_wrap sidebar_right'  ><div class='container av-section-cont-open' ><main  role=\"main\" itemprop=\"mainContentOfPage\"  class='template-page content  av-content-small alpha units'><div class='post-entry post-entry-type-page post-entry-4012'><div class='entry-content-wrapper clearfix'>\n<div  class='flex_column av-1mrzs-5daeb3a2b3ac8b1530e15d6aab4e10aa av_one_fifth  avia-builder-el-1  el_before_av_four_fifth  avia-builder-el-first  first no_margin flex_column_div  '     ><style type=\"text\/css\" data-created_by=\"avia_inline_auto\" id=\"style-css-av-ksefl89x-a3fdd6c949cba7c08a9bbf8d6cdcb635\">\n.avia-image-container.av-ksefl89x-a3fdd6c949cba7c08a9bbf8d6cdcb635 img.avia_image{\nbox-shadow:none;\n}\n.avia-image-container.av-ksefl89x-a3fdd6c949cba7c08a9bbf8d6cdcb635 .av-image-caption-overlay-center{\ncolor:#ffffff;\n}\n<\/style>\n<div  class='avia-image-container av-ksefl89x-a3fdd6c949cba7c08a9bbf8d6cdcb635 av-styling- avia-align-center  avia-builder-el-2  avia-builder-el-no-sibling '   itemprop=\"image\" itemscope=\"itemscope\" itemtype=\"https:\/\/schema.org\/ImageObject\" ><div class=\"avia-image-container-inner\"><div class=\"avia-image-overlay-wrap\"><img decoding=\"async\" fetchpriority=\"high\" class='wp-image-2863 avia-img-lazy-loading-not-2863 avia_image ' src=\"https:\/\/drevenydom.sk\/wp-content\/uploads\/2021\/08\/tech_01.png\" alt='' title='tech_01'  height=\"88\" width=\"121\"  itemprop=\"thumbnailUrl\"  \/><\/div><\/div><\/div><\/div><div  class='flex_column av-71780-fdbb05483f106349393b1b496c1aa58c av_four_fifth  avia-builder-el-3  el_after_av_one_fifth  el_before_av_hr  no_margin flex_column_div  '     ><section  class='av_textblock_section av-kseflste-24f3ea2b85128785f0ce2d4e21bde298 '   itemscope=\"itemscope\" itemtype=\"https:\/\/schema.org\/CreativeWork\" ><div class='avia_textblock'  itemprop=\"text\" ><h3><strong>AU\u00dfENW\u00c4NDE<\/strong><\/h3>\n<p>Die tragende Konstruktion der Au\u00dfenw\u00e4nde ist durch grobe \u00dcberlagerung von Bohlenprofilen aus nordischer Fichte als Blockbauweise entwickelt. Es handelt sich um eine moderne Technologie, die erm\u00f6glicht, alle hervorragenden strukturellen Eigenschaften von Holz zu nutzen, gleichzeitig aber eventuelle Bearbeitung und sp\u00e4tere Setzung einschr\u00e4nkt. Au\u00dferdem sind alle Elemente technisch getrocknet und mit geringer Luftfeuchtigkeit geliefert. All diese ist eine Grundannahme des baulichen Sch\u00e4dlingsschutzes.<\/p>\n<p>Die einzelnen Blockbalken sind mit einer doppelten Nut und Feder und an den Ecken mit einem Verbindungsstift verbunden. Zu gesamter Wandstruktur geh\u00f6rt noch Isolierung und eine Installationsvorwand f\u00fcr die Verkabelung. Die geplante Wandkonstruktion ist getestet und erf\u00fcllt alle geforderte energetische Kriterien.<\/p>\n<\/div><\/section><\/div>\n<style type=\"text\/css\" data-created_by=\"avia_inline_auto\" id=\"style-css-av-ksen9nh4-02dfa18af37706f76b11bf1f31011316\">\n#top .hr.hr-invisible.av-ksen9nh4-02dfa18af37706f76b11bf1f31011316{\nheight:50px;\n}\n<\/style>\n<div  class='hr av-ksen9nh4-02dfa18af37706f76b11bf1f31011316 hr-invisible  avia-builder-el-5  el_after_av_four_fifth  el_before_av_testimonials '><span class='hr-inner '><span class=\"hr-inner-style\"><\/span><\/span><\/div>\n<div  class='avia-testimonial-wrapper av-ksen1s8t-54659d362f76f8cf1233b083568c6c77 avia-grid-testimonials avia-grid-2-testimonials avia_animate_when_almost_visible' >\n<section class=\"avia-testimonial-row\"><div class='avia-testimonial av-ksemzz48-74a159594baa435503ec49ccf48f1690 avia-testimonial-row-1 avia-first-testimonial flex_column no_margin av_one_half'><div class='avia-testimonial_inner'  itemscope=\"itemscope\" itemtype=\"https:\/\/schema.org\/CreativeWork\" ><div class='avia-testimonial-image'  itemprop=\"image\" ><img loading=\"lazy\" decoding=\"async\" width=\"121\" height=\"88\" src=\"https:\/\/drevenydom.sk\/wp-content\/uploads\/2021\/08\/tech_03.png\" class=\"attachment-square size-square\" alt=\"\" \/><\/div><div class='avia-testimonial-content '><div class='avia-testimonial-markup-entry-content'  itemprop=\"text\" ><div><\/div>\n<div><\/div>\n<div><\/div>\n<div><\/div>\n<h3><strong>TRENNW\u00c4NDE<\/strong><\/h3>\n<p>Die Trennw\u00e4nde sind als Sandwichbauweise mit D\u00e4mmung, beidseitiger OSB-Platte und Innenverkleidung ausgef\u00fchrt.<\/p>\n<div><\/div>\n<\/div><\/div><div class=\"avia-testimonial-meta\"><div class=\"avia-testimonial-arrow-wrap\"><div class=\"avia-arrow\"><\/div><\/div><div class='avia-testimonial-meta-mini'  itemprop=\"author\" itemscope=\"itemscope\" itemtype=\"https:\/\/schema.org\/Person\" ><\/div><\/div><\/div><\/div>\n<div class='avia-testimonial av-ksen0jk8-7e287d6aeef8f2fe3dad2060dd470d12 avia-testimonial-row-1 avia-last-testimonial flex_column no_margin av_one_half'><div class='avia-testimonial_inner'  itemscope=\"itemscope\" itemtype=\"https:\/\/schema.org\/CreativeWork\" ><div class='avia-testimonial-image'  itemprop=\"image\" ><img loading=\"lazy\" decoding=\"async\" width=\"121\" height=\"88\" src=\"https:\/\/drevenydom.sk\/wp-content\/uploads\/2021\/08\/tech_02.png\" class=\"attachment-square size-square\" alt=\"\" \/><\/div><div class='avia-testimonial-content '><div class='avia-testimonial-markup-entry-content'  itemprop=\"text\" ><h3><strong>DACHKONSTRUKTION<\/strong><\/h3>\n<p>Die Dachkonstruktion besteht aus sichtbaren Elementen des Holzdachs, holzgehobelten Untersichten und einer Aufsparrend\u00e4mmung<\/p>\n<div><\/div>\n<div><\/div>\n<\/div><\/div><div class=\"avia-testimonial-meta\"><div class=\"avia-testimonial-arrow-wrap\"><div class=\"avia-arrow\"><\/div><\/div><div class='avia-testimonial-meta-mini'  itemprop=\"author\" itemscope=\"itemscope\" itemtype=\"https:\/\/schema.org\/Person\" ><\/div><\/div><\/div><\/div><\/section>\n<section class=\"avia-testimonial-row\"><div class='avia-testimonial av-ksen0jk8-d5dc9f59af671a643c202f7dba4df547 avia-testimonial-row-2 avia-first-testimonial flex_column no_margin av_one_half'><div class='avia-testimonial_inner'  itemscope=\"itemscope\" itemtype=\"https:\/\/schema.org\/CreativeWork\" ><div class='avia-testimonial-image'  itemprop=\"image\" ><img loading=\"lazy\" decoding=\"async\" width=\"121\" height=\"88\" src=\"https:\/\/drevenydom.sk\/wp-content\/uploads\/2021\/08\/tech_09.png\" class=\"attachment-square size-square\" alt=\"\" \/><\/div><div class='avia-testimonial-content '><div class='avia-testimonial-markup-entry-content'  itemprop=\"text\" ><h3><strong>UNTERE BODEN<\/strong><\/h3>\n<p>Der Standardaufbau des Bodens besteht aus einer Rahmenkonstruktion mit D\u00e4mmung und einer obersten Bodenschicht.<\/p>\n<div><\/div>\n<div><\/div>\n<\/div><\/div><div class=\"avia-testimonial-meta\"><div class=\"avia-testimonial-arrow-wrap\"><div class=\"avia-arrow\"><\/div><\/div><div class='avia-testimonial-meta-mini'  itemprop=\"author\" itemscope=\"itemscope\" itemtype=\"https:\/\/schema.org\/Person\" ><\/div><\/div><\/div><\/div>\n<div class='avia-testimonial av-ksen0jk8-7aa0af02a387f21e6835ee624db1704f avia-testimonial-row-2 avia-last-testimonial flex_column no_margin av_one_half'><div class='avia-testimonial_inner'  itemscope=\"itemscope\" itemtype=\"https:\/\/schema.org\/CreativeWork\" ><div class='avia-testimonial-image'  itemprop=\"image\" ><img loading=\"lazy\" decoding=\"async\" width=\"121\" height=\"88\" src=\"https:\/\/drevenydom.sk\/wp-content\/uploads\/2021\/08\/tech_10.png\" class=\"attachment-square size-square\" alt=\"\" \/><\/div><div class='avia-testimonial-content '><div class='avia-testimonial-markup-entry-content'  itemprop=\"text\" ><h3><strong>OBERE DECKE<\/strong><\/h3>\n<p>Die obere Decke besteht aus tragenden Deckentr\u00e4gern, einer vollgehobelten Schalung, Rahmenkonstruktion mit D\u00e4mmung und oberer Bodenschicht.<\/p>\n<div><\/div>\n<div><\/div>\n<\/div><\/div><div class=\"avia-testimonial-meta\"><div class=\"avia-testimonial-arrow-wrap\"><div class=\"avia-arrow\"><\/div><\/div><div class='avia-testimonial-meta-mini'  itemprop=\"author\" itemscope=\"itemscope\" itemtype=\"https:\/\/schema.org\/Person\" ><\/div><\/div><\/div><\/div><\/section>\n<\/div>\n<\/div><\/div><\/main><!-- close content main element --><\/div><\/div><div id='after_section_1'  class='main_color av_default_container_wrap container_wrap sidebar_right'  ><div class='container av-section-cont-open' ><div class='template-page content  av-content-small alpha units'><div class='post-entry post-entry-type-page post-entry-4012'><div class='entry-content-wrapper clearfix'>\n","protected":false},"excerpt":{"rendered":"","protected":false},"author":1,"featured_media":0,"parent":0,"menu_order":0,"comment_status":"closed","ping_status":"closed","template":"","meta":{"footnotes":""},"class_list":["post-4012","page","type-page","status-publish","hentry"],"yoast_head":"<!-- This site is optimized with the Yoast SEO plugin v27.4 - https:\/\/yoast.com\/product\/yoast-seo-wordpress\/ -->\n<title>Technische Infos zum Holzbauten - Drevotrend<\/title>\n<meta name=\"robots\" content=\"index, follow, max-snippet:-1, max-image-preview:large, max-video-preview:-1\" \/>\n<link rel=\"canonical\" href=\"https:\/\/drevenydom.sk\/de\/technische-infos-zum-holzbauten\/\" \/>\n<meta property=\"og:locale\" content=\"de_DE\" \/>\n<meta property=\"og:type\" content=\"article\" \/>\n<meta property=\"og:title\" content=\"Technische Infos zum Holzbauten - Drevotrend\" \/>\n<meta property=\"og:url\" content=\"https:\/\/drevenydom.sk\/de\/technische-infos-zum-holzbauten\/\" \/>\n<meta property=\"og:site_name\" content=\"Drevotrend\" \/>\n<meta property=\"article:modified_time\" content=\"2024-02-28T07:09:28+00:00\" \/>\n<meta name=\"twitter:card\" content=\"summary_large_image\" \/>\n<meta name=\"twitter:label1\" content=\"Gesch\u00e4tzte Lesezeit\" \/>\n\t<meta name=\"twitter:data1\" content=\"2 minutes\" \/>\n<script type=\"application\/ld+json\" class=\"yoast-schema-graph\">{\"@context\":\"https:\\\/\\\/schema.org\",\"@graph\":[{\"@type\":\"WebPage\",\"@id\":\"https:\\\/\\\/drevenydom.sk\\\/de\\\/technische-infos-zum-holzbauten\\\/\",\"url\":\"https:\\\/\\\/drevenydom.sk\\\/de\\\/technische-infos-zum-holzbauten\\\/\",\"name\":\"Technische Infos zum Holzbauten - Drevotrend\",\"isPartOf\":{\"@id\":\"https:\\\/\\\/drevenydom.sk\\\/#website\"},\"datePublished\":\"2021-08-16T09:25:32+00:00\",\"dateModified\":\"2024-02-28T07:09:28+00:00\",\"breadcrumb\":{\"@id\":\"https:\\\/\\\/drevenydom.sk\\\/de\\\/technische-infos-zum-holzbauten\\\/#breadcrumb\"},\"inLanguage\":\"de-DE\",\"potentialAction\":[{\"@type\":\"ReadAction\",\"target\":[\"https:\\\/\\\/drevenydom.sk\\\/de\\\/technische-infos-zum-holzbauten\\\/\"]}]},{\"@type\":\"BreadcrumbList\",\"@id\":\"https:\\\/\\\/drevenydom.sk\\\/de\\\/technische-infos-zum-holzbauten\\\/#breadcrumb\",\"itemListElement\":[{\"@type\":\"ListItem\",\"position\":1,\"name\":\"Domovsk\u00e1 str\u00e1nka\",\"item\":\"https:\\\/\\\/drevenydom.sk\\\/de\\\/\"},{\"@type\":\"ListItem\",\"position\":2,\"name\":\"Technische Infos zum Holzbauten\"}]},{\"@type\":\"WebSite\",\"@id\":\"https:\\\/\\\/drevenydom.sk\\\/#website\",\"url\":\"https:\\\/\\\/drevenydom.sk\\\/\",\"name\":\"Drevotrend\",\"description\":\"Dreven\u00fd dom\",\"potentialAction\":[{\"@type\":\"SearchAction\",\"target\":{\"@type\":\"EntryPoint\",\"urlTemplate\":\"https:\\\/\\\/drevenydom.sk\\\/?s={search_term_string}\"},\"query-input\":{\"@type\":\"PropertyValueSpecification\",\"valueRequired\":true,\"valueName\":\"search_term_string\"}}],\"inLanguage\":\"de-DE\"}]}<\/script>\n<!-- \/ Yoast SEO plugin. -->","yoast_head_json":{"title":"Technische Infos zum Holzbauten - Drevotrend","robots":{"index":"index","follow":"follow","max-snippet":"max-snippet:-1","max-image-preview":"max-image-preview:large","max-video-preview":"max-video-preview:-1"},"canonical":"https:\/\/drevenydom.sk\/de\/technische-infos-zum-holzbauten\/","og_locale":"de_DE","og_type":"article","og_title":"Technische Infos zum Holzbauten - Drevotrend","og_url":"https:\/\/drevenydom.sk\/de\/technische-infos-zum-holzbauten\/","og_site_name":"Drevotrend","article_modified_time":"2024-02-28T07:09:28+00:00","twitter_card":"summary_large_image","twitter_misc":{"Gesch\u00e4tzte Lesezeit":"2 minutes"},"schema":{"@context":"https:\/\/schema.org","@graph":[{"@type":"WebPage","@id":"https:\/\/drevenydom.sk\/de\/technische-infos-zum-holzbauten\/","url":"https:\/\/drevenydom.sk\/de\/technische-infos-zum-holzbauten\/","name":"Technische Infos zum Holzbauten - Drevotrend","isPartOf":{"@id":"https:\/\/drevenydom.sk\/#website"},"datePublished":"2021-08-16T09:25:32+00:00","dateModified":"2024-02-28T07:09:28+00:00","breadcrumb":{"@id":"https:\/\/drevenydom.sk\/de\/technische-infos-zum-holzbauten\/#breadcrumb"},"inLanguage":"de-DE","potentialAction":[{"@type":"ReadAction","target":["https:\/\/drevenydom.sk\/de\/technische-infos-zum-holzbauten\/"]}]},{"@type":"BreadcrumbList","@id":"https:\/\/drevenydom.sk\/de\/technische-infos-zum-holzbauten\/#breadcrumb","itemListElement":[{"@type":"ListItem","position":1,"name":"Domovsk\u00e1 str\u00e1nka","item":"https:\/\/drevenydom.sk\/de\/"},{"@type":"ListItem","position":2,"name":"Technische Infos zum Holzbauten"}]},{"@type":"WebSite","@id":"https:\/\/drevenydom.sk\/#website","url":"https:\/\/drevenydom.sk\/","name":"Drevotrend","description":"Dreven\u00fd dom","potentialAction":[{"@type":"SearchAction","target":{"@type":"EntryPoint","urlTemplate":"https:\/\/drevenydom.sk\/?s={search_term_string}"},"query-input":{"@type":"PropertyValueSpecification","valueRequired":true,"valueName":"search_term_string"}}],"inLanguage":"de-DE"}]}},"_links":{"self":[{"href":"https:\/\/drevenydom.sk\/de\/wp-json\/wp\/v2\/pages\/4012","targetHints":{"allow":["GET"]}}],"collection":[{"href":"https:\/\/drevenydom.sk\/de\/wp-json\/wp\/v2\/pages"}],"about":[{"href":"https:\/\/drevenydom.sk\/de\/wp-json\/wp\/v2\/types\/page"}],"author":[{"embeddable":true,"href":"https:\/\/drevenydom.sk\/de\/wp-json\/wp\/v2\/users\/1"}],"replies":[{"embeddable":true,"href":"https:\/\/drevenydom.sk\/de\/wp-json\/wp\/v2\/comments?post=4012"}],"version-history":[{"count":3,"href":"https:\/\/drevenydom.sk\/de\/wp-json\/wp\/v2\/pages\/4012\/revisions"}],"predecessor-version":[{"id":4015,"href":"https:\/\/drevenydom.sk\/de\/wp-json\/wp\/v2\/pages\/4012\/revisions\/4015"}],"wp:attachment":[{"href":"https:\/\/drevenydom.sk\/de\/wp-json\/wp\/v2\/media?parent=4012"}],"curies":[{"name":"wp","href":"https:\/\/api.w.org\/{rel}","templated":true}]}}