{"id":4007,"date":"2021-08-16T18:03:30","date_gmt":"2021-08-16T16:03:30","guid":{"rendered":"https:\/\/drevotrend.sk\/?page_id=4007"},"modified":"2024-02-28T08:04:55","modified_gmt":"2024-02-28T07:04:55","slug":"vorbereitung-und-realisierung-eines-holzhauses","status":"publish","type":"page","link":"https:\/\/drevenydom.sk\/de\/vorbereitung-und-realisierung-eines-holzhauses\/","title":{"rendered":"Vorbereitung und Realisierung eines Holzhauses"},"content":{"rendered":"\n<style type=\"text\/css\" data-created_by=\"avia_inline_auto\" id=\"style-css-av-yv734-4037219a1d9f1e3c342eb82ecedd9a79\">\n.flex_column.av-yv734-4037219a1d9f1e3c342eb82ecedd9a79{\nborder-width:3px;\nborder-color:#ffffff;\nborder-style:solid;\nborder-radius:0px 0px 0px 0px;\npadding:0px 70px 0px 70px;\nbackground-color:#ffffff;\n}\n<\/style>\n<div  class='flex_column av-yv734-4037219a1d9f1e3c342eb82ecedd9a79 av_one_full  avia-builder-el-0  el_before_av_section  avia-builder-el-no-sibling  first flex_column_div  '     ><style type=\"text\/css\" data-created_by=\"avia_inline_auto\" id=\"style-css-av-ksett17w-f59cf23a7cdf324632ecaf38c474a32e\">\n#top .av-special-heading.av-ksett17w-f59cf23a7cdf324632ecaf38c474a32e{\npadding-bottom:30px;\n}\nbody .av-special-heading.av-ksett17w-f59cf23a7cdf324632ecaf38c474a32e .av-special-heading-tag .heading-char{\nfont-size:25px;\n}\n.av-special-heading.av-ksett17w-f59cf23a7cdf324632ecaf38c474a32e .av-subheading{\nfont-size:17px;\n}\n<\/style>\n<div  class='av-special-heading av-ksett17w-f59cf23a7cdf324632ecaf38c474a32e av-special-heading-h2 blockquote modern-quote modern-centered  avia-builder-el-1  avia-builder-el-no-sibling '><h2 class='av-special-heading-tag '  itemprop=\"headline\"  >Vorbereitung und Realisierung eines Holzhauses<\/h2><div class=\"special-heading-border\"><div class=\"special-heading-inner-border\"><\/div><\/div><\/div><\/div>\n<\/div><\/div><\/div><!-- close content main div --><\/div><\/div>\n<style type=\"text\/css\" data-created_by=\"avia_inline_auto\" id=\"style-css-av-ksg0g0ki-2430102fa35847fd797799647bdd15de\">\n.avia-section.av-ksg0g0ki-2430102fa35847fd797799647bdd15de .av-extra-border-element .av-extra-border-inner{\nbackground-color:#ffffff;\n}\n<\/style>\n<div id='av_section_1'  class='avia-section av-ksg0g0ki-2430102fa35847fd797799647bdd15de main_color avia-section-default avia-no-border-styling  avia-builder-el-2  el_after_av_one_full  el_before_av_section  avia-bg-style-scroll av-arrow-down-section container_wrap sidebar_right'  ><div class='container av-section-cont-open' ><div class='template-page content  av-content-small alpha units'><div class='post-entry post-entry-type-page post-entry-4007'><div class='entry-content-wrapper clearfix'>\n<div  class='flex_column av-w3cy8-f9e24dc4bd25a21252d78a035cf90d89 av_one_full  avia-builder-el-3  avia-builder-el-no-sibling  first flex_column_div  '     ><p>\n<style type=\"text\/css\" data-created_by=\"avia_inline_auto\" id=\"style-css-av-ksg0h8bq-5087f91d72a33ab1c0f4b996cf93f64b\">\n.avia-image-container.av-ksg0h8bq-5087f91d72a33ab1c0f4b996cf93f64b img.avia_image{\nbox-shadow:none;\n}\n.avia-image-container.av-ksg0h8bq-5087f91d72a33ab1c0f4b996cf93f64b .av-image-caption-overlay-center{\ncolor:#ffffff;\n}\n<\/style>\n<div  class='avia-image-container av-ksg0h8bq-5087f91d72a33ab1c0f4b996cf93f64b av-styling- avia-align-center  avia-builder-el-4  el_before_av_textblock  avia-builder-el-first '   itemprop=\"image\" itemscope=\"itemscope\" itemtype=\"https:\/\/schema.org\/ImageObject\" ><div class=\"avia-image-container-inner\"><div class=\"avia-image-overlay-wrap\"><img decoding=\"async\" fetchpriority=\"high\" class='wp-image-2891 avia-img-lazy-loading-not-2891 avia_image ' src=\"https:\/\/drevenydom.sk\/wp-content\/uploads\/2021\/08\/priprava_01.png\" alt='' title='priprava_01'  height=\"126\" width=\"127\"  itemprop=\"thumbnailUrl\" srcset=\"https:\/\/drevenydom.sk\/wp-content\/uploads\/2021\/08\/priprava_01.png 127w, https:\/\/drevenydom.sk\/wp-content\/uploads\/2021\/08\/priprava_01-80x80.png 80w, https:\/\/drevenydom.sk\/wp-content\/uploads\/2021\/08\/priprava_01-36x36.png 36w\" sizes=\"(max-width: 127px) 100vw, 127px\" \/><\/div><\/div><\/div><br \/>\n<section  class='av_textblock_section av-ksg0gu7i-732f77516fab58cc1b4fb60a92f0ebae '   itemscope=\"itemscope\" itemtype=\"https:\/\/schema.org\/CreativeWork\" ><div class='avia_textblock'  itemprop=\"text\" ><h2 style=\"text-align: center;\"><strong>PROJEKTAUSWAHL UND \u00c4NDERUNGEN<\/strong><\/h2>\n<div style=\"text-align: center;\"><\/div>\n<div style=\"text-align: center;\">\n<p><b>Der erste und wichtigste Schritt ist die Wahl der \u00e4u\u00dferen Form und der inneren Aufteilung des Hauses. Jedes Haus im unseren Angebot kann laut Ihren Bed\u00fcrfnissen und Vorstellungen angepasst und modifiziert werden. Man kann die Objekte miteinander kombinieren, oder ein v\u00f6llig neues Projekt entwerfen. Der Planaufwand eines neuen Projekts oder die wesentliche \u00dcberarbeitung eines typischen Projekts ist kostenpflichtig. Dieser Betrag wird nach Abschluss des Projekts abgezogen.<\/b>Beim Projektauswahl ist es notwendig, verschiedene Aspekte wie Art und Gr\u00f6\u00dfe des Grundst\u00fccks zu ber\u00fccksichtigen: flach \u2013 geneigt, schmal \u2013 breit, sch\u00f6nste Aussicht, Himmelsrichtungen, umliegende Geb\u00e4ude, einst\u00f6ckige \u2013 zweist\u00f6ckige Geb\u00e4ude&#8230; Idealerweise gibt es ein flaches Grundst\u00fcck mit guter Zufahrt und sch\u00f6nster Aussicht nach S\u00fcden evtl. S\u00fcdosten oder S\u00fcdwesten.<\/p>\n<\/div>\n<\/div><\/section><\/p><\/div>\n\n<\/div><\/div><\/div><!-- close content main div --><\/div><div class='av-extra-border-element border-extra-arrow-down'><div class='av-extra-border-outer'><div class='av-extra-border-inner'><\/div><\/div><\/div><\/div>\n<style type=\"text\/css\" data-created_by=\"avia_inline_auto\" id=\"style-css-av-ksg135yy-a062dd8c204da1f71010a9a0ea379863\">\n.avia-section.av-ksg135yy-a062dd8c204da1f71010a9a0ea379863{\nbackground-color:#f7f7f7;\nbackground-image:unset;\n}\n.avia-section.av-ksg135yy-a062dd8c204da1f71010a9a0ea379863 .av-extra-border-element .av-extra-border-inner{\nbackground-color:#f7f7f7;\n}\n<\/style>\n<div id='av_section_2'  class='avia-section av-ksg135yy-a062dd8c204da1f71010a9a0ea379863 main_color avia-section-default avia-no-border-styling  avia-builder-el-6  el_after_av_section  el_before_av_section  avia-bg-style-scroll av-arrow-down-section container_wrap sidebar_right'  ><div class='container av-section-cont-open' ><div class='template-page content  av-content-small alpha units'><div class='post-entry post-entry-type-page post-entry-4007'><div class='entry-content-wrapper clearfix'>\n<div  class='flex_column av-2mxuso-a37bbce12c1a45c3a18b61a9ae887faa av_one_full  avia-builder-el-7  avia-builder-el-no-sibling  first flex_column_div  '     ><p>\n<style type=\"text\/css\" data-created_by=\"avia_inline_auto\" id=\"style-css-av-2c1ce8-dc4cbddf815586a8c0cf1eab52458fce\">\n.avia-image-container.av-2c1ce8-dc4cbddf815586a8c0cf1eab52458fce img.avia_image{\nbox-shadow:none;\n}\n.avia-image-container.av-2c1ce8-dc4cbddf815586a8c0cf1eab52458fce .av-image-caption-overlay-center{\ncolor:#ffffff;\n}\n<\/style>\n<div  class='avia-image-container av-2c1ce8-dc4cbddf815586a8c0cf1eab52458fce av-styling- avia-align-center  avia-builder-el-8  el_before_av_textblock  avia-builder-el-first '   itemprop=\"image\" itemscope=\"itemscope\" itemtype=\"https:\/\/schema.org\/ImageObject\" ><div class=\"avia-image-container-inner\"><div class=\"avia-image-overlay-wrap\"><img decoding=\"async\" fetchpriority=\"high\" class='wp-image-2892 avia-img-lazy-loading-not-2892 avia_image ' src=\"https:\/\/drevenydom.sk\/wp-content\/uploads\/2021\/08\/priprava_02.png\" alt='' title='priprava_02'  height=\"106\" width=\"87\"  itemprop=\"thumbnailUrl\"  \/><\/div><\/div><\/div><br \/>\n<section  class='av_textblock_section av-8aii0-282c269cdb47c60aa163882a5095d40c '   itemscope=\"itemscope\" itemtype=\"https:\/\/schema.org\/CreativeWork\" ><div class='avia_textblock'  itemprop=\"text\" ><h2 style=\"text-align: center;\"><strong>PREISZUSTIMMUNG UND VERTRAGSFREIGABE<\/strong><\/h2>\n<div style=\"text-align: center;\"><\/div>\n<div style=\"text-align: center;\">\n<p>Bei der Auswahl eines typischen Hauses ohne Form- und Ma\u00df\u00e4nderungen oder Lieferumfang gelten die auf der Webseite angegebene Preise. <b><br \/>\n<\/b><b>Alle Planungs\u00e4nderungen und \u00c4nderung des Lieferumfangs werden in Rechnung gestellt.<\/b><\/p>\n<\/div>\n<\/div><\/section><\/p><\/div>\n\n<\/div><\/div><\/div><!-- close content main div --><\/div><div class='av-extra-border-element border-extra-arrow-down'><div class='av-extra-border-outer'><div class='av-extra-border-inner'><\/div><\/div><\/div><\/div>\n<style type=\"text\/css\" data-created_by=\"avia_inline_auto\" id=\"style-css-av-22em54-f7a2e04d8158010cf0129adfdf1dc00a\">\n.avia-section.av-22em54-f7a2e04d8158010cf0129adfdf1dc00a .av-extra-border-element .av-extra-border-inner{\nbackground-color:#ffffff;\n}\n<\/style>\n<div id='av_section_3'  class='avia-section av-22em54-f7a2e04d8158010cf0129adfdf1dc00a main_color avia-section-default avia-no-border-styling  avia-builder-el-10  el_after_av_section  el_before_av_section  avia-bg-style-scroll av-arrow-down-section container_wrap sidebar_right'  ><div class='container av-section-cont-open' ><div class='template-page content  av-content-small alpha units'><div class='post-entry post-entry-type-page post-entry-4007'><div class='entry-content-wrapper clearfix'>\n<div  class='flex_column av-1v0yvc-2cd89549f8d4f002bc4f6eab83638985 av_one_full  avia-builder-el-11  avia-builder-el-no-sibling  first flex_column_div  '     ><p>\n<style type=\"text\/css\" data-created_by=\"avia_inline_auto\" id=\"style-css-av-1t7ao8-0a4eb3ce2ab768e6642b9f8726ba135f\">\n.avia-image-container.av-1t7ao8-0a4eb3ce2ab768e6642b9f8726ba135f img.avia_image{\nbox-shadow:none;\n}\n.avia-image-container.av-1t7ao8-0a4eb3ce2ab768e6642b9f8726ba135f .av-image-caption-overlay-center{\ncolor:#ffffff;\n}\n<\/style>\n<div  class='avia-image-container av-1t7ao8-0a4eb3ce2ab768e6642b9f8726ba135f av-styling- avia-align-center  avia-builder-el-12  el_before_av_textblock  avia-builder-el-first '   itemprop=\"image\" itemscope=\"itemscope\" itemtype=\"https:\/\/schema.org\/ImageObject\" ><div class=\"avia-image-container-inner\"><div class=\"avia-image-overlay-wrap\"><img decoding=\"async\" fetchpriority=\"high\" class='wp-image-2893 avia-img-lazy-loading-not-2893 avia_image ' src=\"https:\/\/drevenydom.sk\/wp-content\/uploads\/2021\/08\/priprava_03.png\" alt='' title='priprava_03'  height=\"103\" width=\"82\"  itemprop=\"thumbnailUrl\"  \/><\/div><\/div><\/div><br \/>\n<section  class='av_textblock_section av-1n51f4-0d8a6893203b158401f4d5887b90e66a '   itemscope=\"itemscope\" itemtype=\"https:\/\/schema.org\/CreativeWork\" ><div class='avia_textblock'  itemprop=\"text\" ><h2 style=\"text-align: center;\"><strong>VORBEREITUNG VON PROJEKTEN F\u00dcR<br \/>\nBAUGENEHMIGUNG<\/strong><\/h2>\n<div style=\"text-align: center;\"><\/div>\n<div style=\"text-align: center;\">\n<p><span class=\"HwtZe\" lang=\"de\"><span class=\"jCAhz ChMk0b\"><span class=\"ryNqvb\">Bei Interesse k\u00f6nnen wir nach Vertragsunterzeichnung ein komplettes Projekt f\u00fcr eine Baugenehmigung vorbereiten.<\/span><\/span> <span class=\"jCAhz ChMk0b\"><span class=\"ryNqvb\">Aus Kapazit\u00e4tsgr\u00fcnden entwickeln wir Projekte ausschlie\u00dflich f\u00fcr Vertragsbauten.<\/span><\/span> <span class=\"jCAhz ChMk0b\"><span class=\"ryNqvb\">Auf Grundlage der vollst\u00e4ndigen Projektunterlagen erteilt Ihnen das zust\u00e4ndige Bauamt eine Baugenehmigung.<\/span><\/span><\/span><\/div>\n<\/div><\/section><\/p><\/div><\/div><\/div><\/div><!-- close content main div --><\/div><div class='av-extra-border-element border-extra-arrow-down'><div class='av-extra-border-outer'><div class='av-extra-border-inner'><\/div><\/div><\/div><\/div>\n<style type=\"text\/css\" data-created_by=\"avia_inline_auto\" id=\"style-css-av-57ei0-aade89bca0e1c7b86ab0a5c81cf5c266\">\n.avia-section.av-57ei0-aade89bca0e1c7b86ab0a5c81cf5c266{\nbackground-color:#f7f7f7;\nbackground-image:unset;\n}\n.avia-section.av-57ei0-aade89bca0e1c7b86ab0a5c81cf5c266 .av-extra-border-element .av-extra-border-inner{\nbackground-color:#f7f7f7;\n}\n<\/style>\n<div id='av_section_4'  class='avia-section av-57ei0-aade89bca0e1c7b86ab0a5c81cf5c266 main_color avia-section-default avia-no-border-styling  avia-builder-el-14  el_after_av_section  el_before_av_section  avia-bg-style-scroll av-arrow-down-section container_wrap sidebar_right'  ><div class='container av-section-cont-open' ><div class='template-page content  av-content-small alpha units'><div class='post-entry post-entry-type-page post-entry-4007'><div class='entry-content-wrapper clearfix'>\n<div  class='flex_column av-16q84o-20994bc15c91e9237b2ce428a8dd8fc2 av_one_full  avia-builder-el-15  avia-builder-el-no-sibling  first flex_column_div  '     ><p>\n<style type=\"text\/css\" data-created_by=\"avia_inline_auto\" id=\"style-css-av-13agvs-65a77397085b2358b891e9ee18c4b0a7\">\n.avia-image-container.av-13agvs-65a77397085b2358b891e9ee18c4b0a7 img.avia_image{\nbox-shadow:none;\n}\n.avia-image-container.av-13agvs-65a77397085b2358b891e9ee18c4b0a7 .av-image-caption-overlay-center{\ncolor:#ffffff;\n}\n<\/style>\n<div  class='avia-image-container av-13agvs-65a77397085b2358b891e9ee18c4b0a7 av-styling- avia-align-center  avia-builder-el-16  el_before_av_textblock  avia-builder-el-first '   itemprop=\"image\" itemscope=\"itemscope\" itemtype=\"https:\/\/schema.org\/ImageObject\" ><div class=\"avia-image-container-inner\"><div class=\"avia-image-overlay-wrap\"><img decoding=\"async\" fetchpriority=\"high\" class='wp-image-2894 avia-img-lazy-loading-not-2894 avia_image ' src=\"https:\/\/drevenydom.sk\/wp-content\/uploads\/2021\/08\/priprava_04.png\" alt='' title='priprava_04'  height=\"113\" width=\"113\"  itemprop=\"thumbnailUrl\" srcset=\"https:\/\/drevenydom.sk\/wp-content\/uploads\/2021\/08\/priprava_04.png 113w, https:\/\/drevenydom.sk\/wp-content\/uploads\/2021\/08\/priprava_04-80x80.png 80w, https:\/\/drevenydom.sk\/wp-content\/uploads\/2021\/08\/priprava_04-36x36.png 36w\" sizes=\"(max-width: 113px) 100vw, 113px\" \/><\/div><\/div><\/div><br \/>\n<section  class='av_textblock_section av-av_textblock-25a378d9f284388fc46ada71941bf70d '   itemscope=\"itemscope\" itemtype=\"https:\/\/schema.org\/CreativeWork\" ><div class='avia_textblock'  itemprop=\"text\" ><h2 style=\"text-align: center;\"><strong>HERSTELLUNG DER FUNDAMENTPLATTE<\/strong><\/h2>\n<div style=\"text-align: center;\"><\/div>\n<div style=\"text-align: center;\">\n<p><b>Nach Erteilung der Baugenehmigung ist die Anfertigung der Grundplatte m\u00f6glich.<\/b><\/p>\n<\/div>\n<\/div><\/section><\/p><\/div>\n<\/p>\n<\/div><\/div><\/div><!-- close content main div --><\/div><div class='av-extra-border-element border-extra-arrow-down'><div class='av-extra-border-outer'><div class='av-extra-border-inner'><\/div><\/div><\/div><\/div><div id='av_section_5'  class='avia-section av-t5aa0-1b364e2614c0a2f9ad1ba71a79711d00 main_color avia-section-default avia-no-border-styling  avia-builder-el-18  el_after_av_section  avia-builder-el-last  avia-bg-style-scroll container_wrap sidebar_right'  ><div class='container av-section-cont-open' ><div class='template-page content  av-content-small alpha units'><div class='post-entry post-entry-type-page post-entry-4007'><div class='entry-content-wrapper clearfix'>\n<div  class='flex_column av-nq74o-2558dee96ed9bf43ec2352ae592309de av_one_full  avia-builder-el-19  avia-builder-el-no-sibling  first flex_column_div  '     ><p>\n<style type=\"text\/css\" data-created_by=\"avia_inline_auto\" id=\"style-css-av-eszuw-99d328e6f2e895786c81d11383f6181a\">\n.avia-image-container.av-eszuw-99d328e6f2e895786c81d11383f6181a img.avia_image{\nbox-shadow:none;\n}\n.avia-image-container.av-eszuw-99d328e6f2e895786c81d11383f6181a .av-image-caption-overlay-center{\ncolor:#ffffff;\n}\n<\/style>\n<div  class='avia-image-container av-eszuw-99d328e6f2e895786c81d11383f6181a av-styling- avia-align-center  avia-builder-el-20  el_before_av_textblock  avia-builder-el-first '   itemprop=\"image\" itemscope=\"itemscope\" itemtype=\"https:\/\/schema.org\/ImageObject\" ><div class=\"avia-image-container-inner\"><div class=\"avia-image-overlay-wrap\"><img decoding=\"async\" fetchpriority=\"high\" class='wp-image-2895 avia-img-lazy-loading-not-2895 avia_image ' src=\"https:\/\/drevenydom.sk\/wp-content\/uploads\/2021\/08\/priprava_05.png\" alt='' title='priprava_05'  height=\"121\" width=\"121\"  itemprop=\"thumbnailUrl\" srcset=\"https:\/\/drevenydom.sk\/wp-content\/uploads\/2021\/08\/priprava_05.png 121w, https:\/\/drevenydom.sk\/wp-content\/uploads\/2021\/08\/priprava_05-80x80.png 80w, https:\/\/drevenydom.sk\/wp-content\/uploads\/2021\/08\/priprava_05-36x36.png 36w\" sizes=\"(max-width: 121px) 100vw, 121px\" \/><\/div><\/div><\/div><br \/>\n<section  class='av_textblock_section av-9v180-36cce3e8530adb74df918d4ff029cabb '   itemscope=\"itemscope\" itemtype=\"https:\/\/schema.org\/CreativeWork\" ><div class='avia_textblock'  itemprop=\"text\" ><h2 style=\"text-align: center;\"><strong>MONTAGEBEGINN<\/strong><\/h2>\n<div style=\"text-align: center;\"><\/div>\n<div style=\"text-align: center;\">\n<p>Nachdem die Bodenplatte ausreichend ausgereift ist und die Abdichtung hergestellt ist, kann mit der Montage begonnen werden. Die Montage erfolgt in 8- 15 Tages- Schichten, abh\u00e4ngig von der Geb\u00e4udegr\u00f6\u00dfe und der Jahreszeit. F\u00fcr die Montagearbeiten ist einem bauseits sichergestelltem Stromanschluss n\u00f6tig. Im Fall, dass es keine Stromverbindung gibt, besteht die M\u00f6glichkeit, die Installation mittels einer mobilen Elektrozentrale auszuf\u00fchren.<\/p>\n<\/div>\n<\/div><\/section><\/p><\/div>\n<\/div><\/div><\/div><!-- close content main div --><\/div><\/div><div id='after_section_5'  class='main_color av_default_container_wrap container_wrap sidebar_right'  ><div class='container av-section-cont-open' ><div class='template-page content  av-content-small alpha units'><div class='post-entry post-entry-type-page post-entry-4007'><div class='entry-content-wrapper clearfix'>\n","protected":false},"excerpt":{"rendered":"","protected":false},"author":1,"featured_media":0,"parent":0,"menu_order":0,"comment_status":"closed","ping_status":"closed","template":"","meta":{"footnotes":""},"class_list":["post-4007","page","type-page","status-publish","hentry"],"yoast_head":"<!-- This site is optimized with the Yoast SEO plugin v27.5 - https:\/\/yoast.com\/product\/yoast-seo-wordpress\/ -->\n<title>Vorbereitung und Realisierung eines Holzhauses - Drevotrend<\/title>\n<meta name=\"robots\" content=\"index, follow, max-snippet:-1, max-image-preview:large, max-video-preview:-1\" \/>\n<link rel=\"canonical\" href=\"https:\/\/drevenydom.sk\/de\/vorbereitung-und-realisierung-eines-holzhauses\/\" \/>\n<meta property=\"og:locale\" content=\"de_DE\" \/>\n<meta property=\"og:type\" content=\"article\" \/>\n<meta property=\"og:title\" content=\"Vorbereitung und Realisierung eines Holzhauses - Drevotrend\" \/>\n<meta property=\"og:url\" content=\"https:\/\/drevenydom.sk\/de\/vorbereitung-und-realisierung-eines-holzhauses\/\" \/>\n<meta property=\"og:site_name\" content=\"Drevotrend\" \/>\n<meta property=\"article:modified_time\" content=\"2024-02-28T07:04:55+00:00\" \/>\n<meta name=\"twitter:card\" content=\"summary_large_image\" \/>\n<meta name=\"twitter:label1\" content=\"Gesch\u00e4tzte Lesezeit\" \/>\n\t<meta name=\"twitter:data1\" content=\"3 minutes\" \/>\n<script type=\"application\/ld+json\" class=\"yoast-schema-graph\">{\"@context\":\"https:\\\/\\\/schema.org\",\"@graph\":[{\"@type\":\"WebPage\",\"@id\":\"https:\\\/\\\/drevenydom.sk\\\/de\\\/vorbereitung-und-realisierung-eines-holzhauses\\\/\",\"url\":\"https:\\\/\\\/drevenydom.sk\\\/de\\\/vorbereitung-und-realisierung-eines-holzhauses\\\/\",\"name\":\"Vorbereitung und Realisierung eines Holzhauses - Drevotrend\",\"isPartOf\":{\"@id\":\"https:\\\/\\\/drevenydom.sk\\\/#website\"},\"datePublished\":\"2021-08-16T16:03:30+00:00\",\"dateModified\":\"2024-02-28T07:04:55+00:00\",\"breadcrumb\":{\"@id\":\"https:\\\/\\\/drevenydom.sk\\\/de\\\/vorbereitung-und-realisierung-eines-holzhauses\\\/#breadcrumb\"},\"inLanguage\":\"de-DE\",\"potentialAction\":[{\"@type\":\"ReadAction\",\"target\":[\"https:\\\/\\\/drevenydom.sk\\\/de\\\/vorbereitung-und-realisierung-eines-holzhauses\\\/\"]}]},{\"@type\":\"BreadcrumbList\",\"@id\":\"https:\\\/\\\/drevenydom.sk\\\/de\\\/vorbereitung-und-realisierung-eines-holzhauses\\\/#breadcrumb\",\"itemListElement\":[{\"@type\":\"ListItem\",\"position\":1,\"name\":\"Domovsk\u00e1 str\u00e1nka\",\"item\":\"https:\\\/\\\/drevenydom.sk\\\/de\\\/\"},{\"@type\":\"ListItem\",\"position\":2,\"name\":\"Vorbereitung und Realisierung eines Holzhauses\"}]},{\"@type\":\"WebSite\",\"@id\":\"https:\\\/\\\/drevenydom.sk\\\/#website\",\"url\":\"https:\\\/\\\/drevenydom.sk\\\/\",\"name\":\"Drevotrend\",\"description\":\"Dreven\u00fd dom\",\"potentialAction\":[{\"@type\":\"SearchAction\",\"target\":{\"@type\":\"EntryPoint\",\"urlTemplate\":\"https:\\\/\\\/drevenydom.sk\\\/?s={search_term_string}\"},\"query-input\":{\"@type\":\"PropertyValueSpecification\",\"valueRequired\":true,\"valueName\":\"search_term_string\"}}],\"inLanguage\":\"de-DE\"}]}<\/script>\n<!-- \/ Yoast SEO plugin. -->","yoast_head_json":{"title":"Vorbereitung und Realisierung eines Holzhauses - Drevotrend","robots":{"index":"index","follow":"follow","max-snippet":"max-snippet:-1","max-image-preview":"max-image-preview:large","max-video-preview":"max-video-preview:-1"},"canonical":"https:\/\/drevenydom.sk\/de\/vorbereitung-und-realisierung-eines-holzhauses\/","og_locale":"de_DE","og_type":"article","og_title":"Vorbereitung und Realisierung eines Holzhauses - Drevotrend","og_url":"https:\/\/drevenydom.sk\/de\/vorbereitung-und-realisierung-eines-holzhauses\/","og_site_name":"Drevotrend","article_modified_time":"2024-02-28T07:04:55+00:00","twitter_card":"summary_large_image","twitter_misc":{"Gesch\u00e4tzte Lesezeit":"3 minutes"},"schema":{"@context":"https:\/\/schema.org","@graph":[{"@type":"WebPage","@id":"https:\/\/drevenydom.sk\/de\/vorbereitung-und-realisierung-eines-holzhauses\/","url":"https:\/\/drevenydom.sk\/de\/vorbereitung-und-realisierung-eines-holzhauses\/","name":"Vorbereitung und Realisierung eines Holzhauses - Drevotrend","isPartOf":{"@id":"https:\/\/drevenydom.sk\/#website"},"datePublished":"2021-08-16T16:03:30+00:00","dateModified":"2024-02-28T07:04:55+00:00","breadcrumb":{"@id":"https:\/\/drevenydom.sk\/de\/vorbereitung-und-realisierung-eines-holzhauses\/#breadcrumb"},"inLanguage":"de-DE","potentialAction":[{"@type":"ReadAction","target":["https:\/\/drevenydom.sk\/de\/vorbereitung-und-realisierung-eines-holzhauses\/"]}]},{"@type":"BreadcrumbList","@id":"https:\/\/drevenydom.sk\/de\/vorbereitung-und-realisierung-eines-holzhauses\/#breadcrumb","itemListElement":[{"@type":"ListItem","position":1,"name":"Domovsk\u00e1 str\u00e1nka","item":"https:\/\/drevenydom.sk\/de\/"},{"@type":"ListItem","position":2,"name":"Vorbereitung und Realisierung eines Holzhauses"}]},{"@type":"WebSite","@id":"https:\/\/drevenydom.sk\/#website","url":"https:\/\/drevenydom.sk\/","name":"Drevotrend","description":"Dreven\u00fd dom","potentialAction":[{"@type":"SearchAction","target":{"@type":"EntryPoint","urlTemplate":"https:\/\/drevenydom.sk\/?s={search_term_string}"},"query-input":{"@type":"PropertyValueSpecification","valueRequired":true,"valueName":"search_term_string"}}],"inLanguage":"de-DE"}]}},"_links":{"self":[{"href":"https:\/\/drevenydom.sk\/de\/wp-json\/wp\/v2\/pages\/4007","targetHints":{"allow":["GET"]}}],"collection":[{"href":"https:\/\/drevenydom.sk\/de\/wp-json\/wp\/v2\/pages"}],"about":[{"href":"https:\/\/drevenydom.sk\/de\/wp-json\/wp\/v2\/types\/page"}],"author":[{"embeddable":true,"href":"https:\/\/drevenydom.sk\/de\/wp-json\/wp\/v2\/users\/1"}],"replies":[{"embeddable":true,"href":"https:\/\/drevenydom.sk\/de\/wp-json\/wp\/v2\/comments?post=4007"}],"version-history":[{"count":3,"href":"https:\/\/drevenydom.sk\/de\/wp-json\/wp\/v2\/pages\/4007\/revisions"}],"predecessor-version":[{"id":4009,"href":"https:\/\/drevenydom.sk\/de\/wp-json\/wp\/v2\/pages\/4007\/revisions\/4009"}],"wp:attachment":[{"href":"https:\/\/drevenydom.sk\/de\/wp-json\/wp\/v2\/media?parent=4007"}],"curies":[{"name":"wp","href":"https:\/\/api.w.org\/{rel}","templated":true}]}}