{"id":3998,"date":"2021-08-16T18:06:05","date_gmt":"2021-08-16T16:06:05","guid":{"rendered":"https:\/\/drevotrend.sk\/?page_id=3998"},"modified":"2024-02-28T07:56:44","modified_gmt":"2024-02-28T06:56:44","slug":"vorteile-unserer-gebaeude","status":"publish","type":"page","link":"https:\/\/drevenydom.sk\/de\/vorteile-unserer-gebaeude\/","title":{"rendered":"Vorteile unserer Geb\u00e4ude"},"content":{"rendered":"<div id='av_section_1'  class='avia-section av-lg2ca-c41664dc26bdce474cdd2f36f19a95d2 main_color avia-section-default avia-no-border-styling  avia-builder-el-0  avia-builder-el-no-sibling  avia-bg-style-scroll container_wrap sidebar_right'  ><div class='container av-section-cont-open' ><main  role=\"main\" itemprop=\"mainContentOfPage\"  class='template-page content  av-content-small alpha units'><div class='post-entry post-entry-type-page post-entry-3998'><div class='entry-content-wrapper clearfix'>\n\n<style type=\"text\/css\" data-created_by=\"avia_inline_auto\" id=\"style-css-av-uicq-ab03c53087496114218c51f4e2b797c3\">\n.flex_column.av-uicq-ab03c53087496114218c51f4e2b797c3{\nborder-width:3px;\nborder-color:#ffffff;\nborder-style:solid;\nborder-radius:0px 0px 0px 0px;\npadding:0px 70px 0px 70px;\nbackground-color:#ffffff;\n}\n<\/style>\n<div  class='flex_column av-uicq-ab03c53087496114218c51f4e2b797c3 av_one_full  avia-builder-el-1  el_before_av_one_half  avia-builder-el-first  first flex_column_div  '     ><style type=\"text\/css\" data-created_by=\"avia_inline_auto\" id=\"style-css-av-ksetwyq0-4a7782f9d0b5644705b1bd0fad5b40f7\">\n#top .av-special-heading.av-ksetwyq0-4a7782f9d0b5644705b1bd0fad5b40f7{\npadding-bottom:30px;\n}\nbody .av-special-heading.av-ksetwyq0-4a7782f9d0b5644705b1bd0fad5b40f7 .av-special-heading-tag .heading-char{\nfont-size:25px;\n}\n.av-special-heading.av-ksetwyq0-4a7782f9d0b5644705b1bd0fad5b40f7 .av-subheading{\nfont-size:17px;\n}\n<\/style>\n<div  class='av-special-heading av-ksetwyq0-4a7782f9d0b5644705b1bd0fad5b40f7 av-special-heading-h2 blockquote modern-quote modern-centered  avia-builder-el-2  avia-builder-el-no-sibling '><h2 class='av-special-heading-tag '  itemprop=\"headline\"  >Vorteile unserer Geb\u00e4ud<\/h2><div class=\"special-heading-border\"><div class=\"special-heading-inner-border\"><\/div><\/div><\/div><\/div><div class='flex_column_table av-dpjc2-9c6146126d5c1404b46e753ce21560c6 sc-av_one_half av-equal-height-column-flextable'>\n<style type=\"text\/css\" data-created_by=\"avia_inline_auto\" id=\"style-css-av-dpjc2-9c6146126d5c1404b46e753ce21560c6\">\n.flex_column.av-dpjc2-9c6146126d5c1404b46e753ce21560c6{\npadding:50px 50px 50px 50px;\nbackground-color:#f7f7f7;\n}\n<\/style>\n<div  class='flex_column av-dpjc2-9c6146126d5c1404b46e753ce21560c6 av_one_half  avia-builder-el-3  el_after_av_one_full  el_before_av_one_half  first no_margin flex_column_table_cell av-equal-height-column av-align-top  column-top-margin'     ><p><section  class='av_textblock_section av-ksevrgky-485f84bc35d6979384cad33b25faf7c8 '   itemscope=\"itemscope\" itemtype=\"https:\/\/schema.org\/CreativeWork\" ><div class='avia_textblock'  itemprop=\"text\" ><p>Holz ist ein Naturmaterial, welches seine einzigartige und nat\u00fcrliche Sch\u00f6nheit, Aroma und Atmosph\u00e4re besitzt und so die Energie der Natur ins Haus bringt. Die Qualit\u00e4t unseres Produkts und Zufriedenheit unserer Kunden stehen f\u00fcr uns an erster Stelle. Diesem ordnen wir die Materialauswahl, Technologie und Qualit\u00e4t der Arbeit unter.<\/p>\n<p><b>Gr\u00f6\u00dferer Wohnraum\u2013 bei unseren Holzgeb\u00e4uden erhalten Sie dank der Au\u00dfenkonstruktion bei gleicher bebauter Fl\u00e4che um 10- 15 % mehr Wohnfl\u00e4che als bei einem Mauergeb\u00e4ude.<\/b><\/p>\n<\/div><\/section><br \/>\n<section  class='av_textblock_section av-kt8qgy8k-09369d6f24c5d6aa47c82bce179f2bda '   itemscope=\"itemscope\" itemtype=\"https:\/\/schema.org\/CreativeWork\" ><div class='avia_textblock'  itemprop=\"text\" ><ul>\n<li>Ein Haus nach Kundenwunsch \u2013 wir passen jedes Geb\u00e4ude nach Ihren Bed\u00fcrfnissen und Vorstellungen an.<\/li>\n<li>Kurze Zeit f\u00fcr die Geb\u00e4udeherstellung und seine Montage.<\/li>\n<li>Dank der Trockenbauweise ist eine Bauausf\u00fchrung auch im Winter m\u00f6glich.<\/li>\n<li>Alle Bauteile sind k\u00fcnstlich getrocknet, hochwertig gehobelt und geschliffen. Weitere Trocknungszeiten der Konstruktion sind hiermit nicht n\u00f6tig.<\/li>\n<li>Holz als Baustoff ist seit Generationen ein bew\u00e4hrtes und gepr\u00fcftes Bauelement. Durch die Technologie der Dickenverleimung wird das Holz stabilisiert und eine Bearbeitung des Holzes ist somit nicht mehr m\u00f6glich.<\/li>\n<li>Mit einer zus\u00e4tzlichen Innend\u00e4mmung ist es m\u00f6glich, eine hervorragende Energiebilanz zu erreichen und dadurch deutlich Heizkosten einzusparen.<\/li>\n<li>Alle Einbauelemente sind vor Sch\u00e4dlingen gesch\u00fctzt.<\/li>\n<li>Da der Baum w\u00e4hrend seines Wachstums mehr Schadstoffe aufnimmt, als das Geb\u00e4ude selbst nach dem Bau produziert, weist Holz im Hochbau eine bei der Berechnung des Energieverbrauchs f\u00fcr den Bau, den Betrieb und die Entsorgung des Geb\u00e4udes im Hinblick auf die CO2- Produktion eine hervorragende Emissionsbilanz auf<\/li>\n<li><strong>Dank seiner Eigenschaften schafft Holz eine angenehme Atmosph\u00e4re und Klima, es kann seine eigene Luftfeuchtigkeit und die Luftfeuchtigkeit der Umgebung regulieren und so den Wohnraum ges\u00fcnder und hochwertiger machen.<\/strong><\/li>\n<\/ul>\n<\/div><\/section><\/p><\/div><div  class='flex_column av-7cvuq-2a8cb9cf9ea52c6bee58fab5b2978d3b av_one_half  avia-builder-el-6  el_after_av_one_half  avia-builder-el-last  no_margin flex_column_table_cell av-equal-height-column av-align-top  column-top-margin'     ><p>\n<style type=\"text\/css\" data-created_by=\"avia_inline_auto\" id=\"style-css-av-ksevst6y-2c64644902bbe7c960e1a80d805bfa00\">\n.avia-image-container.av-ksevst6y-2c64644902bbe7c960e1a80d805bfa00 img.avia_image{\nbox-shadow:none;\n}\n.avia-image-container.av-ksevst6y-2c64644902bbe7c960e1a80d805bfa00 .av-image-caption-overlay-center{\ncolor:#ffffff;\n}\n<\/style>\n<div  class='avia-image-container av-ksevst6y-2c64644902bbe7c960e1a80d805bfa00 av-styling- avia-align-center  avia-builder-el-7  el_before_av_image  avia-builder-el-first '   itemprop=\"image\" itemscope=\"itemscope\" itemtype=\"https:\/\/schema.org\/ImageObject\" ><div class=\"avia-image-container-inner\"><div class=\"avia-image-overlay-wrap\"><img decoding=\"async\" fetchpriority=\"high\" class='wp-image-2890 avia-img-lazy-loading-not-2890 avia_image ' src=\"https:\/\/drevenydom.sk\/wp-content\/uploads\/2021\/08\/vyhody_bg-845x684.jpg\" alt='' title='vyhody_bg'  height=\"684\" width=\"845\"  itemprop=\"thumbnailUrl\" srcset=\"https:\/\/drevenydom.sk\/wp-content\/uploads\/2021\/08\/vyhody_bg-845x684.jpg 845w, https:\/\/drevenydom.sk\/wp-content\/uploads\/2021\/08\/vyhody_bg-495x400.jpg 495w\" sizes=\"(max-width: 845px) 100vw, 845px\" \/><\/div><\/div><\/div><br \/>\n\n<style type=\"text\/css\" data-created_by=\"avia_inline_auto\" id=\"style-css-av-ksevu7wu-e0cf34631fd8a441ae39af51e1db6d44\">\n.avia-image-container.av-ksevu7wu-e0cf34631fd8a441ae39af51e1db6d44 img.avia_image{\nbox-shadow:none;\n}\n.avia-image-container.av-ksevu7wu-e0cf34631fd8a441ae39af51e1db6d44 .av-image-caption-overlay-center{\ncolor:#ffffff;\n}\n<\/style>\n<div  class='avia-image-container av-ksevu7wu-e0cf34631fd8a441ae39af51e1db6d44 av-styling- avia-align-center  avia-builder-el-8  el_after_av_image  avia-builder-el-last '   itemprop=\"image\" itemscope=\"itemscope\" itemtype=\"https:\/\/schema.org\/ImageObject\" ><div class=\"avia-image-container-inner\"><div class=\"avia-image-overlay-wrap\"><img decoding=\"async\" fetchpriority=\"high\" class='wp-image-2777 avia-img-lazy-loading-not-2777 avia_image ' src=\"https:\/\/drevenydom.sk\/wp-content\/uploads\/2021\/08\/F4-845x684.jpg\" alt='' title='F4'  height=\"684\" width=\"845\"  itemprop=\"thumbnailUrl\" srcset=\"https:\/\/drevenydom.sk\/wp-content\/uploads\/2021\/08\/F4-845x684.jpg 845w, https:\/\/drevenydom.sk\/wp-content\/uploads\/2021\/08\/F4-495x400.jpg 495w\" sizes=\"(max-width: 845px) 100vw, 845px\" \/><\/div><\/div><\/div><\/p><\/div><\/div><!--close column table wrapper. Autoclose: 1 --><\/div><\/div><\/main><!-- close content main element --><\/div><\/div><div id='after_section_1'  class='main_color av_default_container_wrap container_wrap sidebar_right'  ><div class='container av-section-cont-open' ><div class='template-page content  av-content-small alpha units'><div class='post-entry post-entry-type-page post-entry-3998'><div class='entry-content-wrapper clearfix'>\n","protected":false},"excerpt":{"rendered":"","protected":false},"author":1,"featured_media":0,"parent":0,"menu_order":0,"comment_status":"closed","ping_status":"closed","template":"","meta":{"footnotes":""},"class_list":["post-3998","page","type-page","status-publish","hentry"],"yoast_head":"<!-- This site is optimized with the Yoast SEO plugin v27.4 - https:\/\/yoast.com\/product\/yoast-seo-wordpress\/ -->\n<title>Vorteile unserer Geb\u00e4ude - Drevotrend<\/title>\n<meta name=\"robots\" content=\"index, follow, max-snippet:-1, max-image-preview:large, max-video-preview:-1\" \/>\n<link rel=\"canonical\" href=\"https:\/\/drevenydom.sk\/de\/vorteile-unserer-gebaeude\/\" \/>\n<meta property=\"og:locale\" content=\"de_DE\" \/>\n<meta property=\"og:type\" content=\"article\" \/>\n<meta property=\"og:title\" content=\"Vorteile unserer Geb\u00e4ude - Drevotrend\" \/>\n<meta property=\"og:url\" content=\"https:\/\/drevenydom.sk\/de\/vorteile-unserer-gebaeude\/\" \/>\n<meta property=\"og:site_name\" content=\"Drevotrend\" \/>\n<meta property=\"article:modified_time\" content=\"2024-02-28T06:56:44+00:00\" \/>\n<meta name=\"twitter:card\" content=\"summary_large_image\" \/>\n<script type=\"application\/ld+json\" class=\"yoast-schema-graph\">{\"@context\":\"https:\\\/\\\/schema.org\",\"@graph\":[{\"@type\":\"WebPage\",\"@id\":\"https:\\\/\\\/drevenydom.sk\\\/de\\\/vorteile-unserer-gebaeude\\\/\",\"url\":\"https:\\\/\\\/drevenydom.sk\\\/de\\\/vorteile-unserer-gebaeude\\\/\",\"name\":\"Vorteile unserer Geb\u00e4ude - Drevotrend\",\"isPartOf\":{\"@id\":\"https:\\\/\\\/drevenydom.sk\\\/#website\"},\"datePublished\":\"2021-08-16T16:06:05+00:00\",\"dateModified\":\"2024-02-28T06:56:44+00:00\",\"breadcrumb\":{\"@id\":\"https:\\\/\\\/drevenydom.sk\\\/de\\\/vorteile-unserer-gebaeude\\\/#breadcrumb\"},\"inLanguage\":\"de-DE\",\"potentialAction\":[{\"@type\":\"ReadAction\",\"target\":[\"https:\\\/\\\/drevenydom.sk\\\/de\\\/vorteile-unserer-gebaeude\\\/\"]}]},{\"@type\":\"BreadcrumbList\",\"@id\":\"https:\\\/\\\/drevenydom.sk\\\/de\\\/vorteile-unserer-gebaeude\\\/#breadcrumb\",\"itemListElement\":[{\"@type\":\"ListItem\",\"position\":1,\"name\":\"Domovsk\u00e1 str\u00e1nka\",\"item\":\"https:\\\/\\\/drevenydom.sk\\\/de\\\/\"},{\"@type\":\"ListItem\",\"position\":2,\"name\":\"Vorteile unserer Geb\u00e4ude\"}]},{\"@type\":\"WebSite\",\"@id\":\"https:\\\/\\\/drevenydom.sk\\\/#website\",\"url\":\"https:\\\/\\\/drevenydom.sk\\\/\",\"name\":\"Drevotrend\",\"description\":\"Dreven\u00fd dom\",\"potentialAction\":[{\"@type\":\"SearchAction\",\"target\":{\"@type\":\"EntryPoint\",\"urlTemplate\":\"https:\\\/\\\/drevenydom.sk\\\/?s={search_term_string}\"},\"query-input\":{\"@type\":\"PropertyValueSpecification\",\"valueRequired\":true,\"valueName\":\"search_term_string\"}}],\"inLanguage\":\"de-DE\"}]}<\/script>\n<!-- \/ Yoast SEO plugin. -->","yoast_head_json":{"title":"Vorteile unserer Geb\u00e4ude - Drevotrend","robots":{"index":"index","follow":"follow","max-snippet":"max-snippet:-1","max-image-preview":"max-image-preview:large","max-video-preview":"max-video-preview:-1"},"canonical":"https:\/\/drevenydom.sk\/de\/vorteile-unserer-gebaeude\/","og_locale":"de_DE","og_type":"article","og_title":"Vorteile unserer Geb\u00e4ude - Drevotrend","og_url":"https:\/\/drevenydom.sk\/de\/vorteile-unserer-gebaeude\/","og_site_name":"Drevotrend","article_modified_time":"2024-02-28T06:56:44+00:00","twitter_card":"summary_large_image","schema":{"@context":"https:\/\/schema.org","@graph":[{"@type":"WebPage","@id":"https:\/\/drevenydom.sk\/de\/vorteile-unserer-gebaeude\/","url":"https:\/\/drevenydom.sk\/de\/vorteile-unserer-gebaeude\/","name":"Vorteile unserer Geb\u00e4ude - Drevotrend","isPartOf":{"@id":"https:\/\/drevenydom.sk\/#website"},"datePublished":"2021-08-16T16:06:05+00:00","dateModified":"2024-02-28T06:56:44+00:00","breadcrumb":{"@id":"https:\/\/drevenydom.sk\/de\/vorteile-unserer-gebaeude\/#breadcrumb"},"inLanguage":"de-DE","potentialAction":[{"@type":"ReadAction","target":["https:\/\/drevenydom.sk\/de\/vorteile-unserer-gebaeude\/"]}]},{"@type":"BreadcrumbList","@id":"https:\/\/drevenydom.sk\/de\/vorteile-unserer-gebaeude\/#breadcrumb","itemListElement":[{"@type":"ListItem","position":1,"name":"Domovsk\u00e1 str\u00e1nka","item":"https:\/\/drevenydom.sk\/de\/"},{"@type":"ListItem","position":2,"name":"Vorteile unserer Geb\u00e4ude"}]},{"@type":"WebSite","@id":"https:\/\/drevenydom.sk\/#website","url":"https:\/\/drevenydom.sk\/","name":"Drevotrend","description":"Dreven\u00fd dom","potentialAction":[{"@type":"SearchAction","target":{"@type":"EntryPoint","urlTemplate":"https:\/\/drevenydom.sk\/?s={search_term_string}"},"query-input":{"@type":"PropertyValueSpecification","valueRequired":true,"valueName":"search_term_string"}}],"inLanguage":"de-DE"}]}},"_links":{"self":[{"href":"https:\/\/drevenydom.sk\/de\/wp-json\/wp\/v2\/pages\/3998","targetHints":{"allow":["GET"]}}],"collection":[{"href":"https:\/\/drevenydom.sk\/de\/wp-json\/wp\/v2\/pages"}],"about":[{"href":"https:\/\/drevenydom.sk\/de\/wp-json\/wp\/v2\/types\/page"}],"author":[{"embeddable":true,"href":"https:\/\/drevenydom.sk\/de\/wp-json\/wp\/v2\/users\/1"}],"replies":[{"embeddable":true,"href":"https:\/\/drevenydom.sk\/de\/wp-json\/wp\/v2\/comments?post=3998"}],"version-history":[{"count":3,"href":"https:\/\/drevenydom.sk\/de\/wp-json\/wp\/v2\/pages\/3998\/revisions"}],"predecessor-version":[{"id":4004,"href":"https:\/\/drevenydom.sk\/de\/wp-json\/wp\/v2\/pages\/3998\/revisions\/4004"}],"wp:attachment":[{"href":"https:\/\/drevenydom.sk\/de\/wp-json\/wp\/v2\/media?parent=3998"}],"curies":[{"name":"wp","href":"https:\/\/api.w.org\/{rel}","templated":true}]}}