{"id":3986,"date":"2021-08-16T17:10:46","date_gmt":"2021-08-16T15:10:46","guid":{"rendered":"https:\/\/drevotrend.sk\/?page_id=3986"},"modified":"2024-02-28T07:31:13","modified_gmt":"2024-02-28T06:31:13","slug":"ueber","status":"publish","type":"page","link":"https:\/\/drevenydom.sk\/de\/ueber\/","title":{"rendered":"\u00dcBER"},"content":{"rendered":"<div id='av_section_1'  class='avia-section av-tcef9-27090fc5aa255bc6f43ce79b980a6fc8 main_color avia-section-default avia-no-border-styling  avia-builder-el-0  avia-builder-el-no-sibling  avia-bg-style-scroll container_wrap sidebar_right'  ><div class='container av-section-cont-open' ><main  role=\"main\" itemprop=\"mainContentOfPage\"  class='template-page content  av-content-small alpha units'><div class='post-entry post-entry-type-page post-entry-3986'><div class='entry-content-wrapper clearfix'>\n\n<style type=\"text\/css\" data-created_by=\"avia_inline_auto\" id=\"style-css-av-ijyml-8ba26f25e13b881f5a9d6c7497394b57\">\n.flex_column.av-ijyml-8ba26f25e13b881f5a9d6c7497394b57{\nborder-width:3px;\nborder-color:#ffffff;\nborder-style:solid;\nborder-radius:0px 0px 0px 0px;\npadding:0px 70px 0px 70px;\nbackground-color:#ffffff;\n}\n<\/style>\n<div  class='flex_column av-ijyml-8ba26f25e13b881f5a9d6c7497394b57 av_one_full  avia-builder-el-1  el_before_av_one_half  avia-builder-el-first  first flex_column_div  '     ><style type=\"text\/css\" data-created_by=\"avia_inline_auto\" id=\"style-css-av-ksew2u4h-742f4dcd373b63bf698be3ccdead530b\">\n#top .av-special-heading.av-ksew2u4h-742f4dcd373b63bf698be3ccdead530b{\npadding-bottom:30px;\n}\nbody .av-special-heading.av-ksew2u4h-742f4dcd373b63bf698be3ccdead530b .av-special-heading-tag .heading-char{\nfont-size:25px;\n}\n.av-special-heading.av-ksew2u4h-742f4dcd373b63bf698be3ccdead530b .av-subheading{\nfont-size:17px;\n}\n<\/style>\n<div  class='av-special-heading av-ksew2u4h-742f4dcd373b63bf698be3ccdead530b av-special-heading-h2 blockquote modern-quote modern-centered  avia-builder-el-2  avia-builder-el-no-sibling '><h2 class='av-special-heading-tag '  itemprop=\"headline\"  >\u00dcBER<\/h2><div class=\"special-heading-border\"><div class=\"special-heading-inner-border\"><\/div><\/div><\/div><\/div><div class='flex_column_table av-hcnzh-fad3e894b559084aa799204f72becf4a sc-av_one_half av-equal-height-column-flextable'>\n<style type=\"text\/css\" data-created_by=\"avia_inline_auto\" id=\"style-css-av-hcnzh-fad3e894b559084aa799204f72becf4a\">\n.flex_column.av-hcnzh-fad3e894b559084aa799204f72becf4a{\npadding:50px 50px 50px 50px;\nbackground-color:#f7f7f7;\n}\n<\/style>\n<div  class='flex_column av-hcnzh-fad3e894b559084aa799204f72becf4a av_one_half  avia-builder-el-3  el_after_av_one_full  el_before_av_one_half  first no_margin flex_column_table_cell av-equal-height-column av-align-top  column-top-margin'     ><p>\n<style type=\"text\/css\" data-created_by=\"avia_inline_auto\" id=\"style-css-av-7f4ud-4bf1565d09b38620e46d7837f4da8f7f\">\n#top .hr.hr-invisible.av-7f4ud-4bf1565d09b38620e46d7837f4da8f7f{\nheight:50px;\n}\n<\/style>\n<div  class='hr av-7f4ud-4bf1565d09b38620e46d7837f4da8f7f hr-invisible  avia-builder-el-4  el_before_av_textblock  avia-builder-el-first '><span class='hr-inner '><span class=\"hr-inner-style\"><\/span><\/span><\/div><br \/>\n<section  class='av_textblock_section av-kservctk-3a5fadb260feef93a844aecfc841e21a '   itemscope=\"itemscope\" itemtype=\"https:\/\/schema.org\/CreativeWork\" ><div class='avia_textblock'  itemprop=\"text\" ><div><strong><span style=\"font-size: 18pt;\">Unsere Firma Drevotrend<sup>\u00ae<\/sup> Slowakei<\/span><br \/>\n<span style=\"font-size: 18pt;\"> wurde 1994 gegr\u00fcndet..<\/span><br \/>\n<\/strong><\/div>\n<\/div><\/section><br \/>\n<div  class='hr av-fjoh9-8c64f599178a1ffb4dad2fcd30c99c39 hr-default  avia-builder-el-6  el_after_av_textblock  el_before_av_textblock '><span class='hr-inner '><span class=\"hr-inner-style\"><\/span><\/span><\/div><br \/>\n<section  class='av_textblock_section av-kserzmg9-e823783045f39beff928320945d147fb '   itemscope=\"itemscope\" itemtype=\"https:\/\/schema.org\/CreativeWork\" ><div class='avia_textblock'  itemprop=\"text\" ><div>\n<p><span style=\"font-size: 14pt;\">Wir besch\u00e4ftigen uns mit der Holzbearbeitung und Tischlereitechnik. Wir produzieren hochwertige Block- und Holzh\u00e4user aus skandinavischem Holz. Im unseren Angebot finden Sie eine gro\u00dfe Auswahl von Geb\u00e4uden, die sowohl f\u00fcr die St\u00e4dte als auch f\u00fcr Erholungs- und l\u00e4ndliche Gebiete geeignet sind. Jedes Geb\u00e4ude k\u00f6nnen wir entsprechend Ihren Anforderungen wie andere Optik, Abmessungen, Energieeigenschaften sowie verwendete Materialien individuell anpassen..<\/span><\/p>\n<\/div>\n<\/div><\/section><br \/>\n<div  class='hr av-7oit1-ea97c4d483dded0fcb23310c717c4151 hr-default  avia-builder-el-8  el_after_av_textblock  el_before_av_textblock '><span class='hr-inner '><span class=\"hr-inner-style\"><\/span><\/span><\/div><br \/>\n<section  class='av_textblock_section av-kserzutb-03551730125fed7b83c1edabd323de4e '   itemscope=\"itemscope\" itemtype=\"https:\/\/schema.org\/CreativeWork\" ><div class='avia_textblock'  itemprop=\"text\" ><div>\n<p align=\"justify\">Alle verwendeten Materialien sind nat\u00fcrlich, zertifiziert und erf\u00fcllen strenge \u00f6kologische Kriterien, damit Sie w\u00e4hrend Ihres Alltags und Erholungszeit die wohltuende Ber\u00fchrung der Natur sp\u00fcren k\u00f6nnen. Wir verf\u00fcgen \u00fcber eigene Produktions- und Lagereinrichtungen, moderne technologische Ausr\u00fcstung, erfahrene und geschulte Mitarbeiter&#8230;<\/p>\n<p align=\"justify\">&#8230; und vor allem der Wunsch, etwas Besonderes zu hinterlassen.<\/p>\n<p align=\"justify\">Unsere Erfahrungen sind nicht nur mit inl\u00e4ndischen Projekten, sondern wir sind auch europaweit t\u00e4tig. Unsere Objekte befinden sich derzeit in \u00d6sterreich, Schweiz, Belgien, Deutschland, Norwegen, Ungarn, Kroatien, Spanien und vielen anderen L\u00e4ndern.<\/p>\n<p align=\"justify\"><b>Kommen Sie einfach vorbei, wir freuen uns auf unsere Zusammenarbeit!<\/b><\/p>\n<\/div>\n<\/div><\/section><\/p><\/div><div  class='flex_column av-8lvf9-3d6d401a4da4a1cf7bbcfe2502ecad45 av_one_half  avia-builder-el-10  el_after_av_one_half  avia-builder-el-last  no_margin flex_column_table_cell av-equal-height-column av-align-top  column-top-margin'     ><p>\n<style type=\"text\/css\" data-created_by=\"avia_inline_auto\" id=\"style-css-av-kses5xtd-b6d16595d0a930868b5d1e880cc7945e\">\n.avia-image-container.av-kses5xtd-b6d16595d0a930868b5d1e880cc7945e img.avia_image{\nbox-shadow:none;\n}\n.avia-image-container.av-kses5xtd-b6d16595d0a930868b5d1e880cc7945e .av-image-caption-overlay-center{\ncolor:#ffffff;\n}\n<\/style>\n<div  class='avia-image-container av-kses5xtd-b6d16595d0a930868b5d1e880cc7945e av-styling- avia-align-center  avia-builder-el-11  el_before_av_image  avia-builder-el-first '   itemprop=\"image\" itemscope=\"itemscope\" itemtype=\"https:\/\/schema.org\/ImageObject\" ><div class=\"avia-image-container-inner\"><div class=\"avia-image-overlay-wrap\"><img decoding=\"async\" fetchpriority=\"high\" class='wp-image-2773 avia-img-lazy-loading-not-2773 avia_image ' src=\"https:\/\/drevenydom.sk\/wp-content\/uploads\/2021\/08\/about_us_bg_image-845x684.png\" alt='' title='about_us_bg_image'  height=\"684\" width=\"845\"  itemprop=\"thumbnailUrl\" srcset=\"https:\/\/drevenydom.sk\/wp-content\/uploads\/2021\/08\/about_us_bg_image-845x684.png 845w, https:\/\/drevenydom.sk\/wp-content\/uploads\/2021\/08\/about_us_bg_image-495x400.png 495w\" sizes=\"(max-width: 845px) 100vw, 845px\" \/><\/div><\/div><\/div><br \/>\n\n<style type=\"text\/css\" data-created_by=\"avia_inline_auto\" id=\"style-css-av-kses6hih-70f7b68b383b93ea9b3d7f4a0192b8df\">\n.avia-image-container.av-kses6hih-70f7b68b383b93ea9b3d7f4a0192b8df img.avia_image{\nbox-shadow:none;\n}\n.avia-image-container.av-kses6hih-70f7b68b383b93ea9b3d7f4a0192b8df .av-image-caption-overlay-center{\ncolor:#ffffff;\n}\n<\/style>\n<div  class='avia-image-container av-kses6hih-70f7b68b383b93ea9b3d7f4a0192b8df av-styling- avia-align-center  avia-builder-el-12  el_after_av_image  avia-builder-el-last '   itemprop=\"image\" itemscope=\"itemscope\" itemtype=\"https:\/\/schema.org\/ImageObject\" ><div class=\"avia-image-container-inner\"><div class=\"avia-image-overlay-wrap\"><img decoding=\"async\" fetchpriority=\"high\" class='wp-image-2776 avia-img-lazy-loading-not-2776 avia_image ' src=\"https:\/\/drevenydom.sk\/wp-content\/uploads\/2021\/08\/F3-845x684.jpg\" alt='' title='F3'  height=\"684\" width=\"845\"  itemprop=\"thumbnailUrl\" srcset=\"https:\/\/drevenydom.sk\/wp-content\/uploads\/2021\/08\/F3-845x684.jpg 845w, https:\/\/drevenydom.sk\/wp-content\/uploads\/2021\/08\/F3-495x400.jpg 495w\" sizes=\"(max-width: 845px) 100vw, 845px\" \/><\/div><\/div><\/div><\/p><\/div><\/div><!--close column table wrapper. Autoclose: 1 --><\/div><\/div><\/main><!-- close content main element --><\/div><\/div><div id='after_section_1'  class='main_color av_default_container_wrap container_wrap sidebar_right'  ><div class='container av-section-cont-open' ><div class='template-page content  av-content-small alpha units'><div class='post-entry post-entry-type-page post-entry-3986'><div class='entry-content-wrapper clearfix'>\n","protected":false},"excerpt":{"rendered":"","protected":false},"author":1,"featured_media":0,"parent":0,"menu_order":0,"comment_status":"closed","ping_status":"closed","template":"","meta":{"footnotes":""},"class_list":["post-3986","page","type-page","status-publish","hentry"],"yoast_head":"<!-- This site is optimized with the Yoast SEO plugin v27.4 - https:\/\/yoast.com\/product\/yoast-seo-wordpress\/ -->\n<title>\u00dcBER - Drevotrend<\/title>\n<meta name=\"robots\" content=\"index, follow, max-snippet:-1, max-image-preview:large, max-video-preview:-1\" \/>\n<link rel=\"canonical\" href=\"https:\/\/drevenydom.sk\/de\/ueber\/\" \/>\n<meta property=\"og:locale\" content=\"de_DE\" \/>\n<meta property=\"og:type\" content=\"article\" \/>\n<meta property=\"og:title\" content=\"\u00dcBER - Drevotrend\" \/>\n<meta property=\"og:url\" content=\"https:\/\/drevenydom.sk\/de\/ueber\/\" \/>\n<meta property=\"og:site_name\" content=\"Drevotrend\" \/>\n<meta property=\"article:modified_time\" content=\"2024-02-28T06:31:13+00:00\" \/>\n<meta name=\"twitter:card\" content=\"summary_large_image\" \/>\n<script type=\"application\/ld+json\" class=\"yoast-schema-graph\">{\"@context\":\"https:\\\/\\\/schema.org\",\"@graph\":[{\"@type\":\"WebPage\",\"@id\":\"https:\\\/\\\/drevenydom.sk\\\/de\\\/ueber\\\/\",\"url\":\"https:\\\/\\\/drevenydom.sk\\\/de\\\/ueber\\\/\",\"name\":\"\u00dcBER - Drevotrend\",\"isPartOf\":{\"@id\":\"https:\\\/\\\/drevenydom.sk\\\/#website\"},\"datePublished\":\"2021-08-16T15:10:46+00:00\",\"dateModified\":\"2024-02-28T06:31:13+00:00\",\"breadcrumb\":{\"@id\":\"https:\\\/\\\/drevenydom.sk\\\/de\\\/ueber\\\/#breadcrumb\"},\"inLanguage\":\"de-DE\",\"potentialAction\":[{\"@type\":\"ReadAction\",\"target\":[\"https:\\\/\\\/drevenydom.sk\\\/de\\\/ueber\\\/\"]}]},{\"@type\":\"BreadcrumbList\",\"@id\":\"https:\\\/\\\/drevenydom.sk\\\/de\\\/ueber\\\/#breadcrumb\",\"itemListElement\":[{\"@type\":\"ListItem\",\"position\":1,\"name\":\"Domovsk\u00e1 str\u00e1nka\",\"item\":\"https:\\\/\\\/drevenydom.sk\\\/de\\\/\"},{\"@type\":\"ListItem\",\"position\":2,\"name\":\"\u00dcBER\"}]},{\"@type\":\"WebSite\",\"@id\":\"https:\\\/\\\/drevenydom.sk\\\/#website\",\"url\":\"https:\\\/\\\/drevenydom.sk\\\/\",\"name\":\"Drevotrend\",\"description\":\"Dreven\u00fd dom\",\"potentialAction\":[{\"@type\":\"SearchAction\",\"target\":{\"@type\":\"EntryPoint\",\"urlTemplate\":\"https:\\\/\\\/drevenydom.sk\\\/?s={search_term_string}\"},\"query-input\":{\"@type\":\"PropertyValueSpecification\",\"valueRequired\":true,\"valueName\":\"search_term_string\"}}],\"inLanguage\":\"de-DE\"}]}<\/script>\n<!-- \/ Yoast SEO plugin. -->","yoast_head_json":{"title":"\u00dcBER - Drevotrend","robots":{"index":"index","follow":"follow","max-snippet":"max-snippet:-1","max-image-preview":"max-image-preview:large","max-video-preview":"max-video-preview:-1"},"canonical":"https:\/\/drevenydom.sk\/de\/ueber\/","og_locale":"de_DE","og_type":"article","og_title":"\u00dcBER - Drevotrend","og_url":"https:\/\/drevenydom.sk\/de\/ueber\/","og_site_name":"Drevotrend","article_modified_time":"2024-02-28T06:31:13+00:00","twitter_card":"summary_large_image","schema":{"@context":"https:\/\/schema.org","@graph":[{"@type":"WebPage","@id":"https:\/\/drevenydom.sk\/de\/ueber\/","url":"https:\/\/drevenydom.sk\/de\/ueber\/","name":"\u00dcBER - Drevotrend","isPartOf":{"@id":"https:\/\/drevenydom.sk\/#website"},"datePublished":"2021-08-16T15:10:46+00:00","dateModified":"2024-02-28T06:31:13+00:00","breadcrumb":{"@id":"https:\/\/drevenydom.sk\/de\/ueber\/#breadcrumb"},"inLanguage":"de-DE","potentialAction":[{"@type":"ReadAction","target":["https:\/\/drevenydom.sk\/de\/ueber\/"]}]},{"@type":"BreadcrumbList","@id":"https:\/\/drevenydom.sk\/de\/ueber\/#breadcrumb","itemListElement":[{"@type":"ListItem","position":1,"name":"Domovsk\u00e1 str\u00e1nka","item":"https:\/\/drevenydom.sk\/de\/"},{"@type":"ListItem","position":2,"name":"\u00dcBER"}]},{"@type":"WebSite","@id":"https:\/\/drevenydom.sk\/#website","url":"https:\/\/drevenydom.sk\/","name":"Drevotrend","description":"Dreven\u00fd dom","potentialAction":[{"@type":"SearchAction","target":{"@type":"EntryPoint","urlTemplate":"https:\/\/drevenydom.sk\/?s={search_term_string}"},"query-input":{"@type":"PropertyValueSpecification","valueRequired":true,"valueName":"search_term_string"}}],"inLanguage":"de-DE"}]}},"_links":{"self":[{"href":"https:\/\/drevenydom.sk\/de\/wp-json\/wp\/v2\/pages\/3986","targetHints":{"allow":["GET"]}}],"collection":[{"href":"https:\/\/drevenydom.sk\/de\/wp-json\/wp\/v2\/pages"}],"about":[{"href":"https:\/\/drevenydom.sk\/de\/wp-json\/wp\/v2\/types\/page"}],"author":[{"embeddable":true,"href":"https:\/\/drevenydom.sk\/de\/wp-json\/wp\/v2\/users\/1"}],"replies":[{"embeddable":true,"href":"https:\/\/drevenydom.sk\/de\/wp-json\/wp\/v2\/comments?post=3986"}],"version-history":[{"count":2,"href":"https:\/\/drevenydom.sk\/de\/wp-json\/wp\/v2\/pages\/3986\/revisions"}],"predecessor-version":[{"id":3994,"href":"https:\/\/drevenydom.sk\/de\/wp-json\/wp\/v2\/pages\/3986\/revisions\/3994"}],"wp:attachment":[{"href":"https:\/\/drevenydom.sk\/de\/wp-json\/wp\/v2\/media?parent=3986"}],"curies":[{"name":"wp","href":"https:\/\/api.w.org\/{rel}","templated":true}]}}