{"id":3938,"date":"2023-11-16T10:40:28","date_gmt":"2023-11-16T09:40:28","guid":{"rendered":"https:\/\/drevotrend.sk\/?page_id=3938"},"modified":"2024-02-23T15:41:39","modified_gmt":"2024-02-23T14:41:39","slug":"fertighaeuser","status":"publish","type":"page","link":"https:\/\/drevenydom.sk\/de\/fertighaeuser\/","title":{"rendered":"FERTIGH\u00c4USER"},"content":{"rendered":"<div id='sendvicove'  class='avia-section av-lp102snv-9885149e1f1ba0ec542ec6cf4cb831bc main_color avia-section-default avia-no-border-styling  avia-builder-el-0  avia-builder-el-no-sibling  avia-bg-style-scroll container_wrap sidebar_right'  ><div class='container av-section-cont-open' ><main  role=\"main\" itemprop=\"mainContentOfPage\"  class='template-page content  av-content-small alpha units'><div class='post-entry post-entry-type-page post-entry-3938'><div class='entry-content-wrapper clearfix'>\n\n<style type=\"text\/css\" data-created_by=\"avia_inline_auto\" id=\"style-css-av-lsyren0l-7492aa29cbcb51a7f075e8625dc25a92\">\n#top .av-special-heading.av-lsyren0l-7492aa29cbcb51a7f075e8625dc25a92{\npadding-bottom:10px;\n}\nbody .av-special-heading.av-lsyren0l-7492aa29cbcb51a7f075e8625dc25a92 .av-special-heading-tag .heading-char{\nfont-size:25px;\n}\n.av-special-heading.av-lsyren0l-7492aa29cbcb51a7f075e8625dc25a92 .av-subheading{\nfont-size:15px;\n}\n<\/style>\n<div  class='av-special-heading av-lsyren0l-7492aa29cbcb51a7f075e8625dc25a92 av-special-heading-h2 blockquote modern-quote modern-centered  avia-builder-el-1  el_before_av_portfolio  avia-builder-el-no-sibling '><h2 class='av-special-heading-tag '  itemprop=\"headline\"  >FERTIGH\u00c4USER<\/h2><div class=\"special-heading-border\"><div class=\"special-heading-inner-border\"><\/div><\/div><\/div>\n<div  id=\"av-sc-portfolio-1\"  class=\"av-portfolio-grid-sorting-container\"><div class='sort_width_container  av-sort-yes' data-portfolio-id='1' ><div id='js_sort_items' ><div class='sort_by_cat hidden'><a href=\"#\" data-filter=\"all_sort\" class=\"all_sort_button active_sort\"><span class=\"inner_sort_button\"><span>Alle<\/span><small class=\"av-cat-count\"> 7 <\/small><\/span><\/a><span class=\"text-sep fertighaeuser_sort_sep\">\/<\/span><a href=\"#\" data-filter=\"fertighaeuser_sort\" class=\"fertighaeuser_sort_button\" ><span class=\"inner_sort_button\"><span>fertigh\u00e4user<\/span><small class=\"av-cat-count\"> 7 <\/small><\/span><\/a><\/div><\/div><\/div><div  class=' grid-sort-container isotope   no_margin-container with-title-container grid-total-odd grid-col-4 grid-links-' data-portfolio-id='1'><div data-ajax-id='3974' class=' grid-entry flex_column isotope-item all_sort no_margin post-entry post-entry-3974 grid-entry-overview grid-loop-1 grid-parity-odd  fertighaeuser_sort  av_one_fourth first default_av_fullwidth '><article class='main_color inner-entry'  itemscope=\"itemscope\" itemtype=\"https:\/\/schema.org\/CreativeWork\" ><a href=\"https:\/\/drevenydom.sk\/de\/katalogove-domy\/name-emily-s-anzahl-der-etagen-2-bebaute-flaeche-8875-m2gesamtpreis-stark-158-892-e\/\" title='Geb\u00e4udetyp: EMILY S Geschosszahl: 2 \u00dcberbaute Fl\u00e4che: 88,75 m2Gesamtpreis: 158.892 \u20ac  '  data-rel='grid-1' class='grid-image avia-hover-fx'> <img decoding=\"async\" fetchpriority=\"high\" width=\"495\" height=\"400\" src=\"https:\/\/drevenydom.sk\/wp-content\/uploads\/2021\/08\/F1-495x400.jpg\" class=\"wp-image-3852 avia-img-lazy-loading-not-3852 attachment-portfolio size-portfolio wp-post-image\" alt=\"\" srcset=\"https:\/\/drevenydom.sk\/wp-content\/uploads\/2021\/08\/F1-495x400.jpg 495w, https:\/\/drevenydom.sk\/wp-content\/uploads\/2021\/08\/F1-845x684.jpg 845w\" sizes=\"(max-width: 495px) 100vw, 495px\" \/><\/a><div class='grid-content'><div class='avia-arrow'><\/div><header class=\"entry-content-header\" aria-label=\"Portfolio: Geb\u00e4udetyp: &lt;strong&gt;EMILY S&lt;\/strong&gt; &lt;br&gt;Geschosszahl: &lt;strong&gt;2&lt;\/strong&gt; &lt;br&gt;\u00dcberbaute Fl\u00e4che: &lt;strong&gt;88,75 m2&lt;\/strong&gt;&lt;br&gt;Gesamtpreis: &lt;strong&gt;158.892 \u20ac &lt;\/strong&gt; &lt;br&gt;\"><h3 class='grid-entry-title entry-title '  itemprop=\"headline\" ><a href='https:\/\/drevenydom.sk\/de\/katalogove-domy\/name-emily-s-anzahl-der-etagen-2-bebaute-flaeche-8875-m2gesamtpreis-stark-158-892-e\/' title='Geb\u00e4udetyp: EMILY S Geschosszahl: 2 \u00dcberbaute Fl\u00e4che: 88,75 m2Gesamtpreis: 158.892 \u20ac  '>Geb\u00e4udetyp: <strong>EMILY S<\/strong> <br>Geschosszahl: <strong>2<\/strong> <br>\u00dcberbaute Fl\u00e4che: <strong>88,75 m2<\/strong><br>Gesamtpreis: <strong>158.892 \u20ac <\/strong> <br><\/a><\/h3><\/header><\/div><footer class=\"entry-footer\"><\/footer><\/article><\/div><div data-ajax-id='3980' class=' grid-entry flex_column isotope-item all_sort no_margin post-entry post-entry-3980 grid-entry-overview grid-loop-2 grid-parity-even  fertighaeuser_sort  av_one_fourth  default_av_fullwidth '><article class='main_color inner-entry'  itemscope=\"itemscope\" itemtype=\"https:\/\/schema.org\/CreativeWork\" ><a href=\"https:\/\/drevenydom.sk\/de\/katalogove-domy\/name-denisa-anzahl-der-etagen-1-bebaute-flaeche-5400-m2gesamtpreis-66-684-e\/\" title='Geb\u00e4udetyp: DENISA  Geschosszahl: 1 \u00dcberbaute Fl\u00e4che: 54,00 m2Gesamtpreis:  66.684 \u20ac '  data-rel='grid-1' class='grid-image avia-hover-fx'> <img decoding=\"async\" fetchpriority=\"high\" width=\"495\" height=\"400\" src=\"https:\/\/drevenydom.sk\/wp-content\/uploads\/2021\/08\/13052021142617-1-495x400.jpg\" class=\"wp-image-3055 avia-img-lazy-loading-not-3055 attachment-portfolio size-portfolio wp-post-image\" alt=\"\" \/><\/a><div class='grid-content'><div class='avia-arrow'><\/div><header class=\"entry-content-header\" aria-label=\"Portfolio: Geb\u00e4udetyp: &lt;strong&gt;DENISA&lt;\/strong&gt; &lt;br&gt; Geschosszahl: &lt;strong&gt;1&lt;\/strong&gt; &lt;br&gt;\u00dcberbaute Fl\u00e4che: &lt;strong&gt;54,00 m2&lt;\/strong&gt;&lt;br&gt;Gesamtpreis: &lt;strong &gt; 66.684 \u20ac&lt;\/strong&gt; &lt;br&gt;\"><h3 class='grid-entry-title entry-title '  itemprop=\"headline\" ><a href='https:\/\/drevenydom.sk\/de\/katalogove-domy\/name-denisa-anzahl-der-etagen-1-bebaute-flaeche-5400-m2gesamtpreis-66-684-e\/' title='Geb\u00e4udetyp: DENISA  Geschosszahl: 1 \u00dcberbaute Fl\u00e4che: 54,00 m2Gesamtpreis:  66.684 \u20ac '>Geb\u00e4udetyp: <strong>DENISA<\/strong> <br> Geschosszahl: <strong>1<\/strong> <br>\u00dcberbaute Fl\u00e4che: <strong>54,00 m2<\/strong><br>Gesamtpreis: <strong > 66.684 \u20ac<\/strong> <br><\/a><\/h3><\/header><\/div><footer class=\"entry-footer\"><\/footer><\/article><\/div><div data-ajax-id='3977' class=' grid-entry flex_column isotope-item all_sort no_margin post-entry post-entry-3977 grid-entry-overview grid-loop-3 grid-parity-odd  fertighaeuser_sort home_sort  av_one_fourth  default_av_fullwidth '><article class='main_color inner-entry'  itemscope=\"itemscope\" itemtype=\"https:\/\/schema.org\/CreativeWork\" ><a href=\"https:\/\/drevenydom.sk\/de\/katalogove-domy\/name-mia-anzahl-der-etagen-1-bebaute-flaeche-16200-m2gesamtpreis-192-996-e\/\" title='Geb\u00e4udetyp: MIA  Geschosszahl: 1 \u00dcberbaute Fl\u00e4che: 162,00 m2Gesamtpreis:  192.996 \u20ac '  data-rel='grid-1' class='grid-image avia-hover-fx'> <img decoding=\"async\" fetchpriority=\"high\" width=\"495\" height=\"400\" src=\"https:\/\/drevenydom.sk\/wp-content\/uploads\/2022\/01\/F2-\u2013-titulka.jpg\" class=\"wp-image-3640 avia-img-lazy-loading-not-3640 attachment-portfolio size-portfolio wp-post-image\" alt=\"\" srcset=\"https:\/\/drevenydom.sk\/wp-content\/uploads\/2022\/01\/F2-\u2013-titulka.jpg 495w, https:\/\/drevenydom.sk\/wp-content\/uploads\/2022\/01\/F2-\u2013-titulka-300x242.jpg 300w\" sizes=\"(max-width: 495px) 100vw, 495px\" \/><\/a><div class='grid-content'><div class='avia-arrow'><\/div><header class=\"entry-content-header\" aria-label=\"Portfolio: Geb\u00e4udetyp: &lt;strong&gt;MIA&lt;\/strong&gt; &lt;br&gt; Geschosszahl: &lt;strong&gt;1&lt;\/strong&gt; &lt;br&gt;\u00dcberbaute Fl\u00e4che: &lt;strong&gt;162,00 m2&lt;\/strong&gt;&lt;br&gt;Gesamtpreis: &lt;strong &gt; 192.996 \u20ac&lt;\/strong&gt; &lt;br&gt;\"><h3 class='grid-entry-title entry-title '  itemprop=\"headline\" ><a href='https:\/\/drevenydom.sk\/de\/katalogove-domy\/name-mia-anzahl-der-etagen-1-bebaute-flaeche-16200-m2gesamtpreis-192-996-e\/' title='Geb\u00e4udetyp: MIA  Geschosszahl: 1 \u00dcberbaute Fl\u00e4che: 162,00 m2Gesamtpreis:  192.996 \u20ac '>Geb\u00e4udetyp: <strong>MIA<\/strong> <br> Geschosszahl: <strong>1<\/strong> <br>\u00dcberbaute Fl\u00e4che: <strong>162,00 m2<\/strong><br>Gesamtpreis: <strong > 192.996 \u20ac<\/strong> <br><\/a><\/h3><\/header><\/div><footer class=\"entry-footer\"><\/footer><\/article><\/div><div data-ajax-id='3971' class=' grid-entry flex_column isotope-item all_sort no_margin post-entry post-entry-3971 grid-entry-overview grid-loop-4 grid-parity-even  fertighaeuser_sort  av_one_fourth  default_av_fullwidth '><article class='main_color inner-entry'  itemscope=\"itemscope\" itemtype=\"https:\/\/schema.org\/CreativeWork\" ><a href=\"https:\/\/drevenydom.sk\/de\/katalogove-domy\/name-olivia-s-anzahl-der-etagen-1-bebaute-flaeche-10400-m2gesamtpreis-starke-102-948-e\/\" title='Geb\u00e4udetyp: OL\u00cdVIA S  Geschosszahl: 1 \u00dcberbaute Fl\u00e4che: 104,00 m2Gesamtpreis: 102.948 \u20ac '  data-rel='grid-1' class='grid-image avia-hover-fx'> <img decoding=\"async\" fetchpriority=\"high\" width=\"495\" height=\"400\" src=\"https:\/\/drevenydom.sk\/wp-content\/uploads\/2023\/11\/F2-495x400.jpg\" class=\"wp-image-3860 avia-img-lazy-loading-not-3860 attachment-portfolio size-portfolio wp-post-image\" alt=\"\" srcset=\"https:\/\/drevenydom.sk\/wp-content\/uploads\/2023\/11\/F2-495x400.jpg 495w, https:\/\/drevenydom.sk\/wp-content\/uploads\/2023\/11\/F2-845x684.jpg 845w\" sizes=\"(max-width: 495px) 100vw, 495px\" \/><\/a><div class='grid-content'><div class='avia-arrow'><\/div><header class=\"entry-content-header\" aria-label=\"Portfolio: Geb\u00e4udetyp: &lt;strong&gt;OL\u00cdVIA S&lt;\/strong&gt; &lt;br&gt; Geschosszahl: &lt;strong&gt;1&lt;\/strong&gt; &lt;br&gt;\u00dcberbaute Fl\u00e4che: &lt;strong&gt;104,00 m2&lt;\/strong&gt;&lt;br&gt;Gesamtpreis: &lt;strong&gt;102.948 \u20ac&lt;\/strong&gt; &lt;br&gt;\"><h3 class='grid-entry-title entry-title '  itemprop=\"headline\" ><a href='https:\/\/drevenydom.sk\/de\/katalogove-domy\/name-olivia-s-anzahl-der-etagen-1-bebaute-flaeche-10400-m2gesamtpreis-starke-102-948-e\/' title='Geb\u00e4udetyp: OL\u00cdVIA S  Geschosszahl: 1 \u00dcberbaute Fl\u00e4che: 104,00 m2Gesamtpreis: 102.948 \u20ac '>Geb\u00e4udetyp: <strong>OL\u00cdVIA S<\/strong> <br> Geschosszahl: <strong>1<\/strong> <br>\u00dcberbaute Fl\u00e4che: <strong>104,00 m2<\/strong><br>Gesamtpreis: <strong>102.948 \u20ac<\/strong> <br><\/a><\/h3><\/header><\/div><footer class=\"entry-footer\"><\/footer><\/article><\/div><div data-ajax-id='3965' class=' grid-entry flex_column isotope-item all_sort no_margin post-entry post-entry-3965 grid-entry-overview grid-loop-5 grid-parity-odd  fertighaeuser_sort  av_one_fourth first default_av_fullwidth '><article class='main_color inner-entry'  itemscope=\"itemscope\" itemtype=\"https:\/\/schema.org\/CreativeWork\" ><a href=\"https:\/\/drevenydom.sk\/de\/katalogove-domy\/name-tamara-s-anzahl-der-etagen-2-bebaute-flaeche-7500-m2gesamtpreis-stark-132-492-e\/\" title='Geb\u00e4udetyp: TAMARA S Geschosszahl: 2 \u00dcberbaute Fl\u00e4che: 75,00 m2Gesamtpreis: &lt; stark &gt;132.492 \u20ac  '  data-rel='grid-1' class='grid-image avia-hover-fx'> <img decoding=\"async\" fetchpriority=\"high\" width=\"495\" height=\"400\" src=\"https:\/\/drevenydom.sk\/wp-content\/uploads\/2023\/12\/F1-495x400.jpg\" class=\"wp-image-3904 avia-img-lazy-loading-not-3904 attachment-portfolio size-portfolio wp-post-image\" alt=\"\" srcset=\"https:\/\/drevenydom.sk\/wp-content\/uploads\/2023\/12\/F1-495x400.jpg 495w, https:\/\/drevenydom.sk\/wp-content\/uploads\/2023\/12\/F1-845x684.jpg 845w\" sizes=\"(max-width: 495px) 100vw, 495px\" \/><\/a><div class='grid-content'><div class='avia-arrow'><\/div><header class=\"entry-content-header\" aria-label=\"Portfolio: Geb\u00e4udetyp: &lt;strong&gt;TAMARA S&lt;\/strong&gt; &lt;br&gt;Geschosszahl: &lt;strong&gt;2&lt;\/strong&gt; &lt;br&gt;\u00dcberbaute Fl\u00e4che: &lt;strong&gt;75,00 m2&lt;\/strong&gt;&lt;br&gt;Gesamtpreis: &lt; stark &gt;132.492 \u20ac &lt;\/strong&gt; &lt;br&gt;\"><h3 class='grid-entry-title entry-title '  itemprop=\"headline\" ><a href='https:\/\/drevenydom.sk\/de\/katalogove-domy\/name-tamara-s-anzahl-der-etagen-2-bebaute-flaeche-7500-m2gesamtpreis-stark-132-492-e\/' title='Geb\u00e4udetyp: TAMARA S Geschosszahl: 2 \u00dcberbaute Fl\u00e4che: 75,00 m2Gesamtpreis: &lt; stark &gt;132.492 \u20ac  '>Geb\u00e4udetyp: <strong>TAMARA S<\/strong> <br>Geschosszahl: <strong>2<\/strong> <br>\u00dcberbaute Fl\u00e4che: <strong>75,00 m2<\/strong><br>Gesamtpreis: < stark >132.492 \u20ac <\/strong> <br><\/a><\/h3><\/header><\/div><footer class=\"entry-footer\"><\/footer><\/article><\/div><div data-ajax-id='3957' class=' grid-entry flex_column isotope-item all_sort no_margin post-entry post-entry-3957 grid-entry-overview grid-loop-6 grid-parity-even  fertighaeuser_sort home_sort  av_one_fourth  default_av_fullwidth '><article class='main_color inner-entry'  itemscope=\"itemscope\" itemtype=\"https:\/\/schema.org\/CreativeWork\" ><a href=\"https:\/\/drevenydom.sk\/de\/katalogove-domy\/titelalexandra-anzahl-der-etagen-2-bebaute-flaeche-10111-m2gesamtpreisauf-anfrage-e\/\" title='Geb\u00e4udetyp: ALEXANDRA  Geschosszahl: 2 \u00dcberbaute Fl\u00e4che: 101,11 m2Gesamtpreis: auf Anfrage \u20ac  '  data-rel='grid-1' class='grid-image avia-hover-fx'> <img decoding=\"async\" fetchpriority=\"high\" width=\"495\" height=\"400\" src=\"https:\/\/drevenydom.sk\/wp-content\/uploads\/2023\/12\/F2-\u2013-kopia-2-1-495x400.jpg\" class=\"wp-image-3919 avia-img-lazy-loading-not-3919 attachment-portfolio size-portfolio wp-post-image\" alt=\"\" srcset=\"https:\/\/drevenydom.sk\/wp-content\/uploads\/2023\/12\/F2-\u2013-kopia-2-1-495x400.jpg 495w, https:\/\/drevenydom.sk\/wp-content\/uploads\/2023\/12\/F2-\u2013-kopia-2-1-845x684.jpg 845w\" sizes=\"(max-width: 495px) 100vw, 495px\" \/><\/a><div class='grid-content'><div class='avia-arrow'><\/div><header class=\"entry-content-header\" aria-label=\"Portfolio: Geb\u00e4udetyp: &lt;strong&gt;ALEXANDRA&lt;\/strong&gt; &lt;br&gt; Geschosszahl: &lt;strong&gt;2&lt;\/strong&gt; &lt;br&gt;\u00dcberbaute Fl\u00e4che: &lt;strong&gt;101,11 m2&lt;\/strong&gt;&lt;br&gt;Gesamtpreis: &lt;strong&gt;auf Anfrage \u20ac &lt;\/strong&gt; &lt;br&gt;\"><h3 class='grid-entry-title entry-title '  itemprop=\"headline\" ><a href='https:\/\/drevenydom.sk\/de\/katalogove-domy\/titelalexandra-anzahl-der-etagen-2-bebaute-flaeche-10111-m2gesamtpreisauf-anfrage-e\/' title='Geb\u00e4udetyp: ALEXANDRA  Geschosszahl: 2 \u00dcberbaute Fl\u00e4che: 101,11 m2Gesamtpreis: auf Anfrage \u20ac  '>Geb\u00e4udetyp: <strong>ALEXANDRA<\/strong> <br> Geschosszahl: <strong>2<\/strong> <br>\u00dcberbaute Fl\u00e4che: <strong>101,11 m2<\/strong><br>Gesamtpreis: <strong>auf Anfrage \u20ac <\/strong> <br><\/a><\/h3><\/header><\/div><footer class=\"entry-footer\"><\/footer><\/article><\/div><div data-ajax-id='4585' class=' grid-entry flex_column isotope-item all_sort no_margin post-entry post-entry-4585 grid-entry-overview grid-loop-7 grid-parity-odd  post-entry-last  fertighaeuser_sort  av_one_fourth  default_av_fullwidth '><article class='main_color inner-entry'  itemscope=\"itemscope\" itemtype=\"https:\/\/schema.org\/CreativeWork\" ><a href=\"https:\/\/drevenydom.sk\/de\/katalogove-domy\/elisa\/\" title='N\u00e1zov: ELISA  Po\u010det podla\u017e\u00ed: 1 Zastavan\u00e1 plocha: 120,00 m2Cena celkom: 123\u00a0660\u00a0\u20ac  '  data-rel='grid-1' class='grid-image avia-hover-fx'> <img decoding=\"async\" fetchpriority=\"high\" width=\"495\" height=\"400\" src=\"https:\/\/drevenydom.sk\/wp-content\/uploads\/2024\/06\/F3n-495x400.jpg\" class=\"wp-image-4554 avia-img-lazy-loading-not-4554 attachment-portfolio size-portfolio wp-post-image\" alt=\"\" srcset=\"https:\/\/drevenydom.sk\/wp-content\/uploads\/2024\/06\/F3n-495x400.jpg 495w, https:\/\/drevenydom.sk\/wp-content\/uploads\/2024\/06\/F3n-845x684.jpg 845w\" sizes=\"(max-width: 495px) 100vw, 495px\" \/><\/a><div class='grid-content'><div class='avia-arrow'><\/div><header class=\"entry-content-header\" aria-label=\"Portfolio: N\u00e1zov: &lt;strong&gt;ELISA&lt;\/strong&gt; &lt;br&gt; Po\u010det podla\u017e\u00ed: &lt;strong&gt;1&lt;\/strong&gt; &lt;br&gt;Zastavan\u00e1 plocha: &lt;strong&gt;120,00 m2&lt;\/strong&gt;&lt;br&gt;Cena celkom: &lt;strong&gt;123\u00a0660\u00a0\u20ac &lt;\/strong&gt; &lt;br&gt;\"><h3 class='grid-entry-title entry-title '  itemprop=\"headline\" ><a href='https:\/\/drevenydom.sk\/de\/katalogove-domy\/elisa\/' title='N\u00e1zov: ELISA  Po\u010det podla\u017e\u00ed: 1 Zastavan\u00e1 plocha: 120,00 m2Cena celkom: 123\u00a0660\u00a0\u20ac  '>N\u00e1zov: <strong>ELISA<\/strong> <br> Po\u010det podla\u017e\u00ed: <strong>1<\/strong> <br>Zastavan\u00e1 plocha: <strong>120,00 m2<\/strong><br>Cena celkom: <strong>123\u00a0660\u00a0\u20ac <\/strong> <br><\/a><\/h3><\/header><\/div><footer class=\"entry-footer\"><\/footer><\/article><\/div><\/div><\/div>   <!--   class=\"av-portfolio-grid-sorting-container\"  -->\n<\/div><\/div><\/main><!-- close content main element --><\/div><\/div><div id='after_section_1'  class='main_color av_default_container_wrap container_wrap sidebar_right'  ><div class='container av-section-cont-open' ><div class='template-page content  av-content-small alpha units'><div class='post-entry post-entry-type-page post-entry-3938'><div class='entry-content-wrapper clearfix'>\n","protected":false},"excerpt":{"rendered":"","protected":false},"author":1,"featured_media":4569,"parent":0,"menu_order":0,"comment_status":"closed","ping_status":"closed","template":"","meta":{"footnotes":""},"class_list":["post-3938","page","type-page","status-publish","has-post-thumbnail","hentry"],"yoast_head":"<!-- This site is optimized with the Yoast SEO plugin v27.4 - https:\/\/yoast.com\/product\/yoast-seo-wordpress\/ -->\n<title>FERTIGH\u00c4USER - Drevotrend<\/title>\n<meta name=\"robots\" content=\"index, follow, max-snippet:-1, max-image-preview:large, max-video-preview:-1\" \/>\n<link rel=\"canonical\" href=\"https:\/\/drevenydom.sk\/de\/fertighaeuser\/\" \/>\n<meta property=\"og:locale\" content=\"de_DE\" \/>\n<meta property=\"og:type\" content=\"article\" \/>\n<meta property=\"og:title\" content=\"FERTIGH\u00c4USER - Drevotrend\" \/>\n<meta property=\"og:url\" content=\"https:\/\/drevenydom.sk\/de\/fertighaeuser\/\" \/>\n<meta property=\"og:site_name\" content=\"Drevotrend\" \/>\n<meta property=\"article:modified_time\" content=\"2024-02-23T14:41:39+00:00\" \/>\n<meta property=\"og:image\" content=\"https:\/\/drevenydom.sk\/wp-content\/uploads\/2024\/06\/F3n-1.jpg\" \/>\n\t<meta property=\"og:image:width\" content=\"1920\" \/>\n\t<meta property=\"og:image:height\" content=\"1280\" \/>\n\t<meta property=\"og:image:type\" content=\"image\/jpeg\" \/>\n<meta name=\"twitter:card\" content=\"summary_large_image\" \/>\n<script type=\"application\/ld+json\" class=\"yoast-schema-graph\">{\"@context\":\"https:\\\/\\\/schema.org\",\"@graph\":[{\"@type\":\"WebPage\",\"@id\":\"https:\\\/\\\/drevenydom.sk\\\/de\\\/fertighaeuser\\\/\",\"url\":\"https:\\\/\\\/drevenydom.sk\\\/de\\\/fertighaeuser\\\/\",\"name\":\"FERTIGH\u00c4USER - Drevotrend\",\"isPartOf\":{\"@id\":\"https:\\\/\\\/drevenydom.sk\\\/#website\"},\"primaryImageOfPage\":{\"@id\":\"https:\\\/\\\/drevenydom.sk\\\/de\\\/fertighaeuser\\\/#primaryimage\"},\"image\":{\"@id\":\"https:\\\/\\\/drevenydom.sk\\\/de\\\/fertighaeuser\\\/#primaryimage\"},\"thumbnailUrl\":\"https:\\\/\\\/drevenydom.sk\\\/wp-content\\\/uploads\\\/2024\\\/06\\\/F3n-1.jpg\",\"datePublished\":\"2023-11-16T09:40:28+00:00\",\"dateModified\":\"2024-02-23T14:41:39+00:00\",\"breadcrumb\":{\"@id\":\"https:\\\/\\\/drevenydom.sk\\\/de\\\/fertighaeuser\\\/#breadcrumb\"},\"inLanguage\":\"de-DE\",\"potentialAction\":[{\"@type\":\"ReadAction\",\"target\":[\"https:\\\/\\\/drevenydom.sk\\\/de\\\/fertighaeuser\\\/\"]}]},{\"@type\":\"ImageObject\",\"inLanguage\":\"de-DE\",\"@id\":\"https:\\\/\\\/drevenydom.sk\\\/de\\\/fertighaeuser\\\/#primaryimage\",\"url\":\"https:\\\/\\\/drevenydom.sk\\\/wp-content\\\/uploads\\\/2024\\\/06\\\/F3n-1.jpg\",\"contentUrl\":\"https:\\\/\\\/drevenydom.sk\\\/wp-content\\\/uploads\\\/2024\\\/06\\\/F3n-1.jpg\",\"width\":1920,\"height\":1280},{\"@type\":\"BreadcrumbList\",\"@id\":\"https:\\\/\\\/drevenydom.sk\\\/de\\\/fertighaeuser\\\/#breadcrumb\",\"itemListElement\":[{\"@type\":\"ListItem\",\"position\":1,\"name\":\"Domovsk\u00e1 str\u00e1nka\",\"item\":\"https:\\\/\\\/drevenydom.sk\\\/de\\\/\"},{\"@type\":\"ListItem\",\"position\":2,\"name\":\"FERTIGH\u00c4USER\"}]},{\"@type\":\"WebSite\",\"@id\":\"https:\\\/\\\/drevenydom.sk\\\/#website\",\"url\":\"https:\\\/\\\/drevenydom.sk\\\/\",\"name\":\"Drevotrend\",\"description\":\"Dreven\u00fd dom\",\"potentialAction\":[{\"@type\":\"SearchAction\",\"target\":{\"@type\":\"EntryPoint\",\"urlTemplate\":\"https:\\\/\\\/drevenydom.sk\\\/?s={search_term_string}\"},\"query-input\":{\"@type\":\"PropertyValueSpecification\",\"valueRequired\":true,\"valueName\":\"search_term_string\"}}],\"inLanguage\":\"de-DE\"}]}<\/script>\n<!-- \/ Yoast SEO plugin. -->","yoast_head_json":{"title":"FERTIGH\u00c4USER - Drevotrend","robots":{"index":"index","follow":"follow","max-snippet":"max-snippet:-1","max-image-preview":"max-image-preview:large","max-video-preview":"max-video-preview:-1"},"canonical":"https:\/\/drevenydom.sk\/de\/fertighaeuser\/","og_locale":"de_DE","og_type":"article","og_title":"FERTIGH\u00c4USER - Drevotrend","og_url":"https:\/\/drevenydom.sk\/de\/fertighaeuser\/","og_site_name":"Drevotrend","article_modified_time":"2024-02-23T14:41:39+00:00","og_image":[{"width":1920,"height":1280,"url":"https:\/\/drevenydom.sk\/wp-content\/uploads\/2024\/06\/F3n-1.jpg","type":"image\/jpeg"}],"twitter_card":"summary_large_image","schema":{"@context":"https:\/\/schema.org","@graph":[{"@type":"WebPage","@id":"https:\/\/drevenydom.sk\/de\/fertighaeuser\/","url":"https:\/\/drevenydom.sk\/de\/fertighaeuser\/","name":"FERTIGH\u00c4USER - Drevotrend","isPartOf":{"@id":"https:\/\/drevenydom.sk\/#website"},"primaryImageOfPage":{"@id":"https:\/\/drevenydom.sk\/de\/fertighaeuser\/#primaryimage"},"image":{"@id":"https:\/\/drevenydom.sk\/de\/fertighaeuser\/#primaryimage"},"thumbnailUrl":"https:\/\/drevenydom.sk\/wp-content\/uploads\/2024\/06\/F3n-1.jpg","datePublished":"2023-11-16T09:40:28+00:00","dateModified":"2024-02-23T14:41:39+00:00","breadcrumb":{"@id":"https:\/\/drevenydom.sk\/de\/fertighaeuser\/#breadcrumb"},"inLanguage":"de-DE","potentialAction":[{"@type":"ReadAction","target":["https:\/\/drevenydom.sk\/de\/fertighaeuser\/"]}]},{"@type":"ImageObject","inLanguage":"de-DE","@id":"https:\/\/drevenydom.sk\/de\/fertighaeuser\/#primaryimage","url":"https:\/\/drevenydom.sk\/wp-content\/uploads\/2024\/06\/F3n-1.jpg","contentUrl":"https:\/\/drevenydom.sk\/wp-content\/uploads\/2024\/06\/F3n-1.jpg","width":1920,"height":1280},{"@type":"BreadcrumbList","@id":"https:\/\/drevenydom.sk\/de\/fertighaeuser\/#breadcrumb","itemListElement":[{"@type":"ListItem","position":1,"name":"Domovsk\u00e1 str\u00e1nka","item":"https:\/\/drevenydom.sk\/de\/"},{"@type":"ListItem","position":2,"name":"FERTIGH\u00c4USER"}]},{"@type":"WebSite","@id":"https:\/\/drevenydom.sk\/#website","url":"https:\/\/drevenydom.sk\/","name":"Drevotrend","description":"Dreven\u00fd dom","potentialAction":[{"@type":"SearchAction","target":{"@type":"EntryPoint","urlTemplate":"https:\/\/drevenydom.sk\/?s={search_term_string}"},"query-input":{"@type":"PropertyValueSpecification","valueRequired":true,"valueName":"search_term_string"}}],"inLanguage":"de-DE"}]}},"_links":{"self":[{"href":"https:\/\/drevenydom.sk\/de\/wp-json\/wp\/v2\/pages\/3938","targetHints":{"allow":["GET"]}}],"collection":[{"href":"https:\/\/drevenydom.sk\/de\/wp-json\/wp\/v2\/pages"}],"about":[{"href":"https:\/\/drevenydom.sk\/de\/wp-json\/wp\/v2\/types\/page"}],"author":[{"embeddable":true,"href":"https:\/\/drevenydom.sk\/de\/wp-json\/wp\/v2\/users\/1"}],"replies":[{"embeddable":true,"href":"https:\/\/drevenydom.sk\/de\/wp-json\/wp\/v2\/comments?post=3938"}],"version-history":[{"count":3,"href":"https:\/\/drevenydom.sk\/de\/wp-json\/wp\/v2\/pages\/3938\/revisions"}],"predecessor-version":[{"id":3963,"href":"https:\/\/drevenydom.sk\/de\/wp-json\/wp\/v2\/pages\/3938\/revisions\/3963"}],"wp:featuredmedia":[{"embeddable":true,"href":"https:\/\/drevenydom.sk\/de\/wp-json\/wp\/v2\/media\/4569"}],"wp:attachment":[{"href":"https:\/\/drevenydom.sk\/de\/wp-json\/wp\/v2\/media?parent=3938"}],"curies":[{"name":"wp","href":"https:\/\/api.w.org\/{rel}","templated":true}]}}